{"id":1311,"date":"2024-04-08T18:40:04","date_gmt":"2024-04-08T17:40:04","guid":{"rendered":"https:\/\/milmiro.me\/?page_id=1311"},"modified":"2025-01-22T20:45:49","modified_gmt":"2025-01-22T20:45:49","slug":"zastitne-ograde-za-puteve","status":"publish","type":"page","link":"https:\/\/milmiro.me\/en\/guardrails\/","title":{"rendered":"Guardrails"},"content":{"rendered":"<div data-elementor-type=\"wp-page\" data-elementor-id=\"1311\" class=\"elementor elementor-1311\">\n\t\t\t\t<div class=\"elementor-element elementor-element-d4285de e-flex e-con-boxed e-con e-parent\" data-id=\"d4285de\" data-element_type=\"container\" data-settings=\"{&quot;background_background&quot;:&quot;classic&quot;}\">\n\t\t\t\t\t<div class=\"e-con-inner\">\n\t\t<div class=\"elementor-element elementor-element-5d9eff7 e-con-full e-flex e-con e-child\" data-id=\"5d9eff7\" data-element_type=\"container\">\n\t\t\t\t<div class=\"elementor-element elementor-element-fd8a02e elementor-widget elementor-widget-heading\" data-id=\"fd8a02e\" data-element_type=\"widget\" data-widget_type=\"heading.default\">\n\t\t\t\t<div class=\"elementor-widget-container\">\n\t\t\t<h1 class=\"elementor-heading-title elementor-size-default\">Guardrails<\/h1>\t\t<\/div>\n\t\t\t\t<\/div>\n\t\t<div class=\"elementor-element elementor-element-90efe86 e-con-full e-flex e-con e-child\" data-id=\"90efe86\" data-element_type=\"container\">\n\t\t<div class=\"elementor-element elementor-element-b32f07b e-con-full e-flex e-con e-child\" data-id=\"b32f07b\" data-element_type=\"container\">\n\t\t\t\t<div class=\"elementor-element elementor-element-59f544f elementor-widget__width-initial elementor-widget elementor-widget-button\" data-id=\"59f544f\" data-element_type=\"widget\" data-widget_type=\"button.default\">\n\t\t\t\t<div class=\"elementor-widget-container\">\n\t\t\t\t\t\t\t<div class=\"elementor-button-wrapper\">\n\t\t\t\t\t<a class=\"elementor-button elementor-button-link elementor-size-sm\" href=\"#offer\">\n\t\t\t\t\t\t<span class=\"elementor-button-content-wrapper\">\n\t\t\t\t\t\t\t\t\t<span class=\"elementor-button-text\">Offer<\/span>\n\t\t\t\t\t<\/span>\n\t\t\t\t\t<\/a>\n\t\t\t\t<\/div>\n\t\t\t\t\t\t<\/div>\n\t\t\t\t<\/div>\n\t\t\t\t<div class=\"elementor-element elementor-element-6c78730 elementor-widget__width-auto elementor-widget elementor-widget-button\" data-id=\"6c78730\" data-element_type=\"widget\" data-widget_type=\"button.default\">\n\t\t\t\t<div class=\"elementor-widget-container\">\n\t\t\t\t\t\t\t<div class=\"elementor-button-wrapper\">\n\t\t\t\t\t<a class=\"elementor-button elementor-button-link elementor-size-sm\" href=\"http:\/\/milmiro.me\/en\/contact\/\">\n\t\t\t\t\t\t<span class=\"elementor-button-content-wrapper\">\n\t\t\t\t\t\t\t\t\t<span class=\"elementor-button-text\">Contact<\/span>\n\t\t\t\t\t<\/span>\n\t\t\t\t\t<\/a>\n\t\t\t\t<\/div>\n\t\t\t\t\t\t<\/div>\n\t\t\t\t<\/div>\n\t\t\t\t<\/div>\n\t\t\t\t<\/div>\n\t\t\t\t<\/div>\n\t\t\t\t\t<\/div>\n\t\t\t\t<\/div>\n\t\t<div class=\"elementor-element elementor-element-2209ad4 e-flex e-con-boxed e-con e-parent\" data-id=\"2209ad4\" data-element_type=\"container\" id=\"offer\" data-settings=\"{&quot;background_background&quot;:&quot;classic&quot;}\">\n\t\t\t\t\t<div class=\"e-con-inner\">\n\t\t\t\t<div class=\"elementor-element elementor-element-6808ad4 elementor-widget elementor-widget-heading\" data-id=\"6808ad4\" data-element_type=\"widget\" data-widget_type=\"heading.default\">\n\t\t\t\t<div class=\"elementor-widget-container\">\n\t\t\t<h2 class=\"elementor-heading-title elementor-size-default\">Our offer<\/h2>\t\t<\/div>\n\t\t\t\t<\/div>\n\t\t\t\t\t<\/div>\n\t\t\t\t<\/div>\n\t\t<div class=\"elementor-element elementor-element-e7620ce e-flex e-con-boxed e-con e-parent\" data-id=\"e7620ce\" data-element_type=\"container\" data-settings=\"{&quot;background_background&quot;:&quot;classic&quot;}\">\n\t\t\t\t\t<div class=\"e-con-inner\">\n\t\t\t\t<div class=\"elementor-element elementor-element-628190f elementor-widget__width-initial elementor-widget elementor-widget-text-editor\" data-id=\"628190f\" data-element_type=\"widget\" data-widget_type=\"text-editor.default\">\n\t\t\t\t<div class=\"elementor-widget-container\">\n\t\t\t\t\t\t\t<p>Steel guardrails play a crucial role in ensuring the safety of drivers and passengers. They are a key part of road infrastructure, providing protection against vehicle collisions and preventing serious consequences.<\/p><p>Within our offer, there are over 20 models of steel guardrails available for roads.<\/p>\t\t\t\t\t\t<\/div>\n\t\t\t\t<\/div>\n\t\t\t\t\t<\/div>\n\t\t\t\t<\/div>\n\t\t<div class=\"elementor-element elementor-element-989edcb e-flex e-con-boxed e-con e-parent\" data-id=\"989edcb\" data-element_type=\"container\">\n\t\t\t\t\t<div class=\"e-con-inner\">\n\t\t<div class=\"elementor-element elementor-element-21c5759 e-grid e-con-boxed e-con e-child\" data-id=\"21c5759\" data-element_type=\"container\" data-settings=\"{&quot;background_background&quot;:&quot;classic&quot;}\">\n\t\t\t\t\t<div class=\"e-con-inner\">\n\t\t\t\t<div class=\"elementor-element elementor-element-3c0e1fc elementor-widget elementor-widget-image\" data-id=\"3c0e1fc\" data-element_type=\"widget\" data-widget_type=\"image.default\">\n\t\t\t\t<div class=\"elementor-widget-container\">\n\t\t\t\t\t\t\t\t\t\t\t\t\t<img fetchpriority=\"high\" decoding=\"async\" width=\"1024\" height=\"724\" src=\"https:\/\/milmiro.me\/wp-content\/uploads\/2025\/01\/MEISER-24.05.24.pdf-image-1022-1024x724.jpg\" class=\"attachment-large size-large wp-image-1495\" alt=\"\" srcset=\"https:\/\/milmiro.me\/wp-content\/uploads\/2025\/01\/MEISER-24.05.24.pdf-image-1022-1024x724.jpg 1024w, https:\/\/milmiro.me\/wp-content\/uploads\/2025\/01\/MEISER-24.05.24.pdf-image-1022-300x212.jpg 300w, https:\/\/milmiro.me\/wp-content\/uploads\/2025\/01\/MEISER-24.05.24.pdf-image-1022-768x543.jpg 768w, https:\/\/milmiro.me\/wp-content\/uploads\/2025\/01\/MEISER-24.05.24.pdf-image-1022-18x12.jpg 18w, https:\/\/milmiro.me\/wp-content\/uploads\/2025\/01\/MEISER-24.05.24.pdf-image-1022.jpg 1370w\" sizes=\"(max-width: 1024px) 100vw, 1024px\" \/>\t\t\t\t\t\t\t\t\t\t\t\t\t<\/div>\n\t\t\t\t<\/div>\n\t\t\t\t<div class=\"elementor-element elementor-element-dabf282 elementor-widget elementor-widget-image\" data-id=\"dabf282\" data-element_type=\"widget\" data-widget_type=\"image.default\">\n\t\t\t\t<div class=\"elementor-widget-container\">\n\t\t\t\t\t\t\t\t\t\t\t\t\t<img decoding=\"async\" width=\"1024\" height=\"724\" src=\"https:\/\/milmiro.me\/wp-content\/uploads\/2025\/01\/MEISER-24.05.24.pdf-image-1098-1024x724.jpg\" class=\"attachment-large size-large wp-image-1501\" alt=\"\" srcset=\"https:\/\/milmiro.me\/wp-content\/uploads\/2025\/01\/MEISER-24.05.24.pdf-image-1098-1024x724.jpg 1024w, https:\/\/milmiro.me\/wp-content\/uploads\/2025\/01\/MEISER-24.05.24.pdf-image-1098-300x212.jpg 300w, https:\/\/milmiro.me\/wp-content\/uploads\/2025\/01\/MEISER-24.05.24.pdf-image-1098-768x543.jpg 768w, https:\/\/milmiro.me\/wp-content\/uploads\/2025\/01\/MEISER-24.05.24.pdf-image-1098-18x12.jpg 18w, https:\/\/milmiro.me\/wp-content\/uploads\/2025\/01\/MEISER-24.05.24.pdf-image-1098.jpg 1370w\" sizes=\"(max-width: 1024px) 100vw, 1024px\" \/>\t\t\t\t\t\t\t\t\t\t\t\t\t<\/div>\n\t\t\t\t<\/div>\n\t\t\t\t<div class=\"elementor-element elementor-element-e24ccd4 elementor-widget elementor-widget-image\" data-id=\"e24ccd4\" data-element_type=\"widget\" data-widget_type=\"image.default\">\n\t\t\t\t<div class=\"elementor-widget-container\">\n\t\t\t\t\t\t\t\t\t\t\t\t\t<img decoding=\"async\" width=\"1024\" height=\"724\" src=\"https:\/\/milmiro.me\/wp-content\/uploads\/2025\/01\/MEISER-24.05.24.pdf-image-400-1024x724.png\" class=\"attachment-large size-large wp-image-1497\" alt=\"\" srcset=\"https:\/\/milmiro.me\/wp-content\/uploads\/2025\/01\/MEISER-24.05.24.pdf-image-400-1024x724.png 1024w, https:\/\/milmiro.me\/wp-content\/uploads\/2025\/01\/MEISER-24.05.24.pdf-image-400-300x212.png 300w, https:\/\/milmiro.me\/wp-content\/uploads\/2025\/01\/MEISER-24.05.24.pdf-image-400-768x543.png 768w, https:\/\/milmiro.me\/wp-content\/uploads\/2025\/01\/MEISER-24.05.24.pdf-image-400-18x12.png 18w, https:\/\/milmiro.me\/wp-content\/uploads\/2025\/01\/MEISER-24.05.24.pdf-image-400.png 1370w\" sizes=\"(max-width: 1024px) 100vw, 1024px\" \/>\t\t\t\t\t\t\t\t\t\t\t\t\t<\/div>\n\t\t\t\t<\/div>\n\t\t\t\t<div class=\"elementor-element elementor-element-23651e9 elementor-widget elementor-widget-image\" data-id=\"23651e9\" data-element_type=\"widget\" data-widget_type=\"image.default\">\n\t\t\t\t<div class=\"elementor-widget-container\">\n\t\t\t\t\t\t\t\t\t\t\t\t\t<img loading=\"lazy\" decoding=\"async\" width=\"1024\" height=\"724\" src=\"https:\/\/milmiro.me\/wp-content\/uploads\/2025\/01\/MEISER-24.05.24.pdf-image-1393-1024x724.png\" class=\"attachment-large size-large wp-image-1498\" alt=\"\" srcset=\"https:\/\/milmiro.me\/wp-content\/uploads\/2025\/01\/MEISER-24.05.24.pdf-image-1393-1024x724.png 1024w, https:\/\/milmiro.me\/wp-content\/uploads\/2025\/01\/MEISER-24.05.24.pdf-image-1393-300x212.png 300w, https:\/\/milmiro.me\/wp-content\/uploads\/2025\/01\/MEISER-24.05.24.pdf-image-1393-768x543.png 768w, https:\/\/milmiro.me\/wp-content\/uploads\/2025\/01\/MEISER-24.05.24.pdf-image-1393-18x12.png 18w, https:\/\/milmiro.me\/wp-content\/uploads\/2025\/01\/MEISER-24.05.24.pdf-image-1393.png 1370w\" sizes=\"(max-width: 1024px) 100vw, 1024px\" \/>\t\t\t\t\t\t\t\t\t\t\t\t\t<\/div>\n\t\t\t\t<\/div>\n\t\t\t\t\t<\/div>\n\t\t\t\t<\/div>\n\t\t\t\t\t<\/div>\n\t\t\t\t<\/div>\n\t\t<div class=\"elementor-element elementor-element-da82ccd e-flex e-con-boxed e-con e-parent\" data-id=\"da82ccd\" data-element_type=\"container\">\n\t\t\t\t\t<div class=\"e-con-inner\">\n\t\t\t\t<div class=\"elementor-element elementor-element-b516326 elementor-widget elementor-widget-button\" data-id=\"b516326\" data-element_type=\"widget\" data-widget_type=\"button.default\">\n\t\t\t\t<div class=\"elementor-widget-container\">\n\t\t\t\t\t\t\t<div class=\"elementor-button-wrapper\">\n\t\t\t\t\t<a class=\"elementor-button elementor-button-link elementor-size-sm\" href=\"http:\/\/milmiro.me\/en\/contact\/\">\n\t\t\t\t\t\t<span class=\"elementor-button-content-wrapper\">\n\t\t\t\t\t\t\t\t\t<span class=\"elementor-button-text\">Contact us<\/span>\n\t\t\t\t\t<\/span>\n\t\t\t\t\t<\/a>\n\t\t\t\t<\/div>\n\t\t\t\t\t\t<\/div>\n\t\t\t\t<\/div>\n\t\t\t\t\t<\/div>\n\t\t\t\t<\/div>\n\t\t\t\t<\/div>","protected":false},"excerpt":{"rendered":"<p>Za\u0161titne ograde za puteve Ponuda Kontakt Na\u0161a ponuda \u010celi\u010dne za\u0161titne ograde za puteve igraju klju\u010dnu ulogu u osiguravanju sigurnosti voza\u010da i putnika. One su klju\u010dni dio infrastrukture puteva, pru\u017eaju\u0107i za\u0161titu od sudara vozila i spre\u010davaju\u0107i ozbiljne posledice. U okviru na\u0161e ponude dostupno je preko 20 modela \u010deli\u010dnih za\u0161titnih ograda za puteve. Kontaktirajte nas<\/p>","protected":false},"author":1,"featured_media":0,"parent":0,"menu_order":0,"comment_status":"closed","ping_status":"closed","template":"","meta":{"site-sidebar-layout":"no-sidebar","site-content-layout":"page-builder","ast-site-content-layout":"full-width-container","site-content-style":"unboxed","site-sidebar-style":"unboxed","ast-global-header-display":"","ast-banner-title-visibility":"","ast-main-header-display":"","ast-hfb-above-header-display":"","ast-hfb-below-header-display":"","ast-hfb-mobile-header-display":"","site-post-title":"disabled","ast-breadcrumbs-content":"","ast-featured-img":"disabled","footer-sml-layout":"","theme-transparent-header-meta":"","adv-header-id-meta":"","stick-header-meta":"","header-above-stick-meta":"","header-main-stick-meta":"","header-below-stick-meta":"","astra-migrate-meta-layouts":"set","ast-page-background-enabled":"default","ast-page-background-meta":{"desktop":{"background-color":"var(--ast-global-color-4)","background-image":"","background-repeat":"repeat","background-position":"center center","background-size":"auto","background-attachment":"scroll","background-type":"","background-media":"","overlay-type":"","overlay-color":"","overlay-gradient":""},"tablet":{"background-color":"","background-image":"","background-repeat":"repeat","background-position":"center center","background-size":"auto","background-attachment":"scroll","background-type":"","background-media":"","overlay-type":"","overlay-color":"","overlay-gradient":""},"mobile":{"background-color":"","background-image":"","background-repeat":"repeat","background-position":"center center","background-size":"auto","background-attachment":"scroll","background-type":"","background-media":"","overlay-type":"","overlay-color":"","overlay-gradient":""}},"ast-content-background-meta":{"desktop":{"background-color":"var(--ast-global-color-5)","background-image":"","background-repeat":"repeat","background-position":"center center","background-size":"auto","background-attachment":"scroll","background-type":"","background-media":"","overlay-type":"","overlay-color":"","overlay-gradient":""},"tablet":{"background-color":"var(--ast-global-color-5)","background-image":"","background-repeat":"repeat","background-position":"center center","background-size":"auto","background-attachment":"scroll","background-type":"","background-media":"","overlay-type":"","overlay-color":"","overlay-gradient":""},"mobile":{"background-color":"var(--ast-global-color-5)","background-image":"","background-repeat":"repeat","background-position":"center center","background-size":"auto","background-attachment":"scroll","background-type":"","background-media":"","overlay-type":"","overlay-color":"","overlay-gradient":""}},"footnotes":""},"yoast_head":"<!-- This site is optimized with the Yoast SEO plugin v23.0 - https:\/\/yoast.com\/wordpress\/plugins\/seo\/ -->\n<title>Za\u0161titne ograde za puteve - MIL-MIRO<\/title>\n<meta name=\"description\" content=\"Otkrijte na\u0161u \u0161iroku ponudu \u010deli\u010dnih za\u0161titnih ograda za puteve, klju\u010dnih za osiguravanje sigurnosti voza\u010da i putnika. Izaberite izme\u0111u preko 20 modela, pru\u017eaju\u0107i efikasnu za\u0161titu od sudara vozila i spre\u010davaju\u0107i ozbiljne posledice. Kontaktirajte nas i prona\u0111ite idealnu \u010deli\u010dnu za\u0161titnu ogradu koja odgovara va\u0161im potrebama.\" \/>\n<meta name=\"robots\" content=\"index, follow, max-snippet:-1, max-image-preview:large, max-video-preview:-1\" \/>\n<link rel=\"canonical\" href=\"https:\/\/milmiro.me\/en\/guardrails\/\" \/>\n<meta property=\"og:locale\" content=\"en_US\" \/>\n<meta property=\"og:type\" content=\"article\" \/>\n<meta property=\"og:title\" content=\"Za\u0161titne ograde za puteve - MIL-MIRO\" \/>\n<meta property=\"og:description\" content=\"Otkrijte na\u0161u \u0161iroku ponudu \u010deli\u010dnih za\u0161titnih ograda za puteve, klju\u010dnih za osiguravanje sigurnosti voza\u010da i putnika. Izaberite izme\u0111u preko 20 modela, pru\u017eaju\u0107i efikasnu za\u0161titu od sudara vozila i spre\u010davaju\u0107i ozbiljne posledice. Kontaktirajte nas i prona\u0111ite idealnu \u010deli\u010dnu za\u0161titnu ogradu koja odgovara va\u0161im potrebama.\" \/>\n<meta property=\"og:url\" content=\"https:\/\/milmiro.me\/en\/guardrails\/\" \/>\n<meta property=\"og:site_name\" content=\"MIL-MIRO\" \/>\n<meta property=\"article:modified_time\" content=\"2025-01-22T20:45:49+00:00\" \/>\n<meta property=\"og:image\" content=\"https:\/\/milmiro.me\/wp-content\/uploads\/2025\/01\/MEISER-24.05.24.pdf-image-1022-1024x724.jpg\" \/>\n<meta name=\"twitter:card\" content=\"summary_large_image\" \/>\n<meta name=\"twitter:label1\" content=\"Est. reading time\" \/>\n\t<meta name=\"twitter:data1\" content=\"2 minutes\" \/>\n<script type=\"application\/ld+json\" class=\"yoast-schema-graph\">{\"@context\":\"https:\/\/schema.org\",\"@graph\":[{\"@type\":\"WebPage\",\"@id\":\"https:\/\/milmiro.me\/zastitne-ograde-za-puteve\/\",\"url\":\"https:\/\/milmiro.me\/zastitne-ograde-za-puteve\/\",\"name\":\"Za\u0161titne ograde za puteve - MIL-MIRO\",\"isPartOf\":{\"@id\":\"https:\/\/milmiro.me\/#website\"},\"primaryImageOfPage\":{\"@id\":\"https:\/\/milmiro.me\/zastitne-ograde-za-puteve\/#primaryimage\"},\"image\":{\"@id\":\"https:\/\/milmiro.me\/zastitne-ograde-za-puteve\/#primaryimage\"},\"thumbnailUrl\":\"https:\/\/milmiro.me\/wp-content\/uploads\/2025\/01\/MEISER-24.05.24.pdf-image-1022-1024x724.jpg\",\"datePublished\":\"2024-04-08T17:40:04+00:00\",\"dateModified\":\"2025-01-22T20:45:49+00:00\",\"description\":\"Otkrijte na\u0161u \u0161iroku ponudu \u010deli\u010dnih za\u0161titnih ograda za puteve, klju\u010dnih za osiguravanje sigurnosti voza\u010da i putnika. Izaberite izme\u0111u preko 20 modela, pru\u017eaju\u0107i efikasnu za\u0161titu od sudara vozila i spre\u010davaju\u0107i ozbiljne posledice. Kontaktirajte nas i prona\u0111ite idealnu \u010deli\u010dnu za\u0161titnu ogradu koja odgovara va\u0161im potrebama.\",\"breadcrumb\":{\"@id\":\"https:\/\/milmiro.me\/zastitne-ograde-za-puteve\/#breadcrumb\"},\"inLanguage\":\"en-US\",\"potentialAction\":[{\"@type\":\"ReadAction\",\"target\":[\"https:\/\/milmiro.me\/zastitne-ograde-za-puteve\/\"]}]},{\"@type\":\"ImageObject\",\"inLanguage\":\"en-US\",\"@id\":\"https:\/\/milmiro.me\/zastitne-ograde-za-puteve\/#primaryimage\",\"url\":\"https:\/\/milmiro.me\/wp-content\/uploads\/2025\/01\/MEISER-24.05.24.pdf-image-1022-1024x724.jpg\",\"contentUrl\":\"https:\/\/milmiro.me\/wp-content\/uploads\/2025\/01\/MEISER-24.05.24.pdf-image-1022-1024x724.jpg\"},{\"@type\":\"BreadcrumbList\",\"@id\":\"https:\/\/milmiro.me\/zastitne-ograde-za-puteve\/#breadcrumb\",\"itemListElement\":[{\"@type\":\"ListItem\",\"position\":1,\"name\":\"Home\",\"item\":\"https:\/\/milmiro.me\/\"},{\"@type\":\"ListItem\",\"position\":2,\"name\":\"Za\u0161titne ograde za puteve\"}]},{\"@type\":\"WebSite\",\"@id\":\"https:\/\/milmiro.me\/#website\",\"url\":\"https:\/\/milmiro.me\/\",\"name\":\"MIL-MIRO\",\"description\":\"\",\"publisher\":{\"@id\":\"https:\/\/milmiro.me\/#organization\"},\"potentialAction\":[{\"@type\":\"SearchAction\",\"target\":{\"@type\":\"EntryPoint\",\"urlTemplate\":\"https:\/\/milmiro.me\/?s={search_term_string}\"},\"query-input\":\"required name=search_term_string\"}],\"inLanguage\":\"en-US\"},{\"@type\":\"Organization\",\"@id\":\"https:\/\/milmiro.me\/#organization\",\"name\":\"MIL-MIRO\",\"url\":\"https:\/\/milmiro.me\/\",\"logo\":{\"@type\":\"ImageObject\",\"inLanguage\":\"en-US\",\"@id\":\"https:\/\/milmiro.me\/#\/schema\/logo\/image\/\",\"url\":\"https:\/\/milmiro.me\/wp-content\/uploads\/2024\/04\/MIL-MIRO.png\",\"contentUrl\":\"https:\/\/milmiro.me\/wp-content\/uploads\/2024\/04\/MIL-MIRO.png\",\"width\":709,\"height\":326,\"caption\":\"MIL-MIRO\"},\"image\":{\"@id\":\"https:\/\/milmiro.me\/#\/schema\/logo\/image\/\"}}]}<\/script>\n<!-- \/ Yoast SEO plugin. -->","yoast_head_json":{"title":"Za\u0161titne ograde za puteve - MIL-MIRO","description":"Otkrijte na\u0161u \u0161iroku ponudu \u010deli\u010dnih za\u0161titnih ograda za puteve, klju\u010dnih za osiguravanje sigurnosti voza\u010da i putnika. Izaberite izme\u0111u preko 20 modela, pru\u017eaju\u0107i efikasnu za\u0161titu od sudara vozila i spre\u010davaju\u0107i ozbiljne posledice. Kontaktirajte nas i prona\u0111ite idealnu \u010deli\u010dnu za\u0161titnu ogradu koja odgovara va\u0161im potrebama.","robots":{"index":"index","follow":"follow","max-snippet":"max-snippet:-1","max-image-preview":"max-image-preview:large","max-video-preview":"max-video-preview:-1"},"canonical":"https:\/\/milmiro.me\/en\/guardrails\/","og_locale":"en_US","og_type":"article","og_title":"Za\u0161titne ograde za puteve - MIL-MIRO","og_description":"Otkrijte na\u0161u \u0161iroku ponudu \u010deli\u010dnih za\u0161titnih ograda za puteve, klju\u010dnih za osiguravanje sigurnosti voza\u010da i putnika. Izaberite izme\u0111u preko 20 modela, pru\u017eaju\u0107i efikasnu za\u0161titu od sudara vozila i spre\u010davaju\u0107i ozbiljne posledice. Kontaktirajte nas i prona\u0111ite idealnu \u010deli\u010dnu za\u0161titnu ogradu koja odgovara va\u0161im potrebama.","og_url":"https:\/\/milmiro.me\/en\/guardrails\/","og_site_name":"MIL-MIRO","article_modified_time":"2025-01-22T20:45:49+00:00","og_image":[{"url":"https:\/\/milmiro.me\/wp-content\/uploads\/2025\/01\/MEISER-24.05.24.pdf-image-1022-1024x724.jpg"}],"twitter_card":"summary_large_image","twitter_misc":{"Est. reading time":"2 minutes"},"schema":{"@context":"https:\/\/schema.org","@graph":[{"@type":"WebPage","@id":"https:\/\/milmiro.me\/zastitne-ograde-za-puteve\/","url":"https:\/\/milmiro.me\/zastitne-ograde-za-puteve\/","name":"Za\u0161titne ograde za puteve - MIL-MIRO","isPartOf":{"@id":"https:\/\/milmiro.me\/#website"},"primaryImageOfPage":{"@id":"https:\/\/milmiro.me\/zastitne-ograde-za-puteve\/#primaryimage"},"image":{"@id":"https:\/\/milmiro.me\/zastitne-ograde-za-puteve\/#primaryimage"},"thumbnailUrl":"https:\/\/milmiro.me\/wp-content\/uploads\/2025\/01\/MEISER-24.05.24.pdf-image-1022-1024x724.jpg","datePublished":"2024-04-08T17:40:04+00:00","dateModified":"2025-01-22T20:45:49+00:00","description":"Otkrijte na\u0161u \u0161iroku ponudu \u010deli\u010dnih za\u0161titnih ograda za puteve, klju\u010dnih za osiguravanje sigurnosti voza\u010da i putnika. Izaberite izme\u0111u preko 20 modela, pru\u017eaju\u0107i efikasnu za\u0161titu od sudara vozila i spre\u010davaju\u0107i ozbiljne posledice. Kontaktirajte nas i prona\u0111ite idealnu \u010deli\u010dnu za\u0161titnu ogradu koja odgovara va\u0161im potrebama.","breadcrumb":{"@id":"https:\/\/milmiro.me\/zastitne-ograde-za-puteve\/#breadcrumb"},"inLanguage":"en-US","potentialAction":[{"@type":"ReadAction","target":["https:\/\/milmiro.me\/zastitne-ograde-za-puteve\/"]}]},{"@type":"ImageObject","inLanguage":"en-US","@id":"https:\/\/milmiro.me\/zastitne-ograde-za-puteve\/#primaryimage","url":"https:\/\/milmiro.me\/wp-content\/uploads\/2025\/01\/MEISER-24.05.24.pdf-image-1022-1024x724.jpg","contentUrl":"https:\/\/milmiro.me\/wp-content\/uploads\/2025\/01\/MEISER-24.05.24.pdf-image-1022-1024x724.jpg"},{"@type":"BreadcrumbList","@id":"https:\/\/milmiro.me\/zastitne-ograde-za-puteve\/#breadcrumb","itemListElement":[{"@type":"ListItem","position":1,"name":"Home","item":"https:\/\/milmiro.me\/"},{"@type":"ListItem","position":2,"name":"Za\u0161titne ograde za puteve"}]},{"@type":"WebSite","@id":"https:\/\/milmiro.me\/#website","url":"https:\/\/milmiro.me\/","name":"MIL-MIRO","description":"","publisher":{"@id":"https:\/\/milmiro.me\/#organization"},"potentialAction":[{"@type":"SearchAction","target":{"@type":"EntryPoint","urlTemplate":"https:\/\/milmiro.me\/?s={search_term_string}"},"query-input":"required name=search_term_string"}],"inLanguage":"en-US"},{"@type":"Organization","@id":"https:\/\/milmiro.me\/#organization","name":"MIL-MIRO","url":"https:\/\/milmiro.me\/","logo":{"@type":"ImageObject","inLanguage":"en-US","@id":"https:\/\/milmiro.me\/#\/schema\/logo\/image\/","url":"https:\/\/milmiro.me\/wp-content\/uploads\/2024\/04\/MIL-MIRO.png","contentUrl":"https:\/\/milmiro.me\/wp-content\/uploads\/2024\/04\/MIL-MIRO.png","width":709,"height":326,"caption":"MIL-MIRO"},"image":{"@id":"https:\/\/milmiro.me\/#\/schema\/logo\/image\/"}}]}},"_links":{"self":[{"href":"https:\/\/milmiro.me\/en\/wp-json\/wp\/v2\/pages\/1311"}],"collection":[{"href":"https:\/\/milmiro.me\/en\/wp-json\/wp\/v2\/pages"}],"about":[{"href":"https:\/\/milmiro.me\/en\/wp-json\/wp\/v2\/types\/page"}],"author":[{"embeddable":true,"href":"https:\/\/milmiro.me\/en\/wp-json\/wp\/v2\/users\/1"}],"replies":[{"embeddable":true,"href":"https:\/\/milmiro.me\/en\/wp-json\/wp\/v2\/comments?post=1311"}],"version-history":[{"count":38,"href":"https:\/\/milmiro.me\/en\/wp-json\/wp\/v2\/pages\/1311\/revisions"}],"predecessor-version":[{"id":1505,"href":"https:\/\/milmiro.me\/en\/wp-json\/wp\/v2\/pages\/1311\/revisions\/1505"}],"wp:attachment":[{"href":"https:\/\/milmiro.me\/en\/wp-json\/wp\/v2\/media?parent=1311"}],"curies":[{"name":"wp","href":"https:\/\/api.w.org\/{rel}","templated":true}]}}