{"id":1312,"date":"2024-04-08T18:40:04","date_gmt":"2024-04-08T17:40:04","guid":{"rendered":"https:\/\/milmiro.me\/?page_id=1312"},"modified":"2025-03-22T18:30:33","modified_gmt":"2025-03-22T18:30:33","slug":"zicane-ograde","status":"publish","type":"page","link":"https:\/\/milmiro.me\/en\/wire-fences\/","title":{"rendered":"Wire Fences"},"content":{"rendered":"<div data-elementor-type=\"wp-page\" data-elementor-id=\"1312\" class=\"elementor elementor-1312\">\n\t\t\t\t<div class=\"elementor-element elementor-element-e9e0520 e-flex e-con-boxed e-con e-parent\" data-id=\"e9e0520\" data-element_type=\"container\" data-settings=\"{&quot;background_background&quot;:&quot;classic&quot;}\">\n\t\t\t\t\t<div class=\"e-con-inner\">\n\t\t<div class=\"elementor-element elementor-element-8d5eaef e-con-full e-flex e-con e-child\" data-id=\"8d5eaef\" data-element_type=\"container\">\n\t\t\t\t<div class=\"elementor-element elementor-element-e4ad050 elementor-widget elementor-widget-heading\" data-id=\"e4ad050\" data-element_type=\"widget\" data-widget_type=\"heading.default\">\n\t\t\t\t<div class=\"elementor-widget-container\">\n\t\t\t<h1 class=\"elementor-heading-title elementor-size-default\">Wire Fences<\/h1>\t\t<\/div>\n\t\t\t\t<\/div>\n\t\t<div class=\"elementor-element elementor-element-be7f8fa e-con-full e-flex e-con e-child\" data-id=\"be7f8fa\" data-element_type=\"container\">\n\t\t<div class=\"elementor-element elementor-element-e7ff377 e-con-full e-flex e-con e-child\" data-id=\"e7ff377\" data-element_type=\"container\">\n\t\t\t\t<div class=\"elementor-element elementor-element-a2ffb9f elementor-widget__width-initial elementor-widget elementor-widget-button\" data-id=\"a2ffb9f\" data-element_type=\"widget\" data-widget_type=\"button.default\">\n\t\t\t\t<div class=\"elementor-widget-container\">\n\t\t\t\t\t\t\t<div class=\"elementor-button-wrapper\">\n\t\t\t\t\t<a class=\"elementor-button elementor-button-link elementor-size-sm\" href=\"#offer\">\n\t\t\t\t\t\t<span class=\"elementor-button-content-wrapper\">\n\t\t\t\t\t\t\t\t\t<span class=\"elementor-button-text\">Offer<\/span>\n\t\t\t\t\t<\/span>\n\t\t\t\t\t<\/a>\n\t\t\t\t<\/div>\n\t\t\t\t\t\t<\/div>\n\t\t\t\t<\/div>\n\t\t\t\t<div class=\"elementor-element elementor-element-e509ef4 elementor-widget__width-auto elementor-widget elementor-widget-button\" data-id=\"e509ef4\" data-element_type=\"widget\" data-widget_type=\"button.default\">\n\t\t\t\t<div class=\"elementor-widget-container\">\n\t\t\t\t\t\t\t<div class=\"elementor-button-wrapper\">\n\t\t\t\t\t<a class=\"elementor-button elementor-button-link elementor-size-sm\" href=\"http:\/\/milmiro.me\/en\/contact\/\">\n\t\t\t\t\t\t<span class=\"elementor-button-content-wrapper\">\n\t\t\t\t\t\t\t\t\t<span class=\"elementor-button-text\">Contact<\/span>\n\t\t\t\t\t<\/span>\n\t\t\t\t\t<\/a>\n\t\t\t\t<\/div>\n\t\t\t\t\t\t<\/div>\n\t\t\t\t<\/div>\n\t\t\t\t<\/div>\n\t\t\t\t<\/div>\n\t\t\t\t<\/div>\n\t\t\t\t\t<\/div>\n\t\t\t\t<\/div>\n\t\t<div class=\"elementor-element elementor-element-78dec0b e-flex e-con-boxed e-con e-parent\" data-id=\"78dec0b\" data-element_type=\"container\" data-settings=\"{&quot;background_background&quot;:&quot;classic&quot;}\">\n\t\t\t\t\t<div class=\"e-con-inner\">\n\t\t\t\t<div class=\"elementor-element elementor-element-b0ea841 elementor-widget elementor-widget-heading\" data-id=\"b0ea841\" data-element_type=\"widget\" id=\"offer\" data-widget_type=\"heading.default\">\n\t\t\t\t<div class=\"elementor-widget-container\">\n\t\t\t<h2 class=\"elementor-heading-title elementor-size-default\">Our offer<\/h2>\t\t<\/div>\n\t\t\t\t<\/div>\n\t\t\t\t\t<\/div>\n\t\t\t\t<\/div>\n\t\t<div class=\"elementor-element elementor-element-1504982 e-flex e-con-boxed e-con e-parent\" data-id=\"1504982\" data-element_type=\"container\" data-settings=\"{&quot;background_background&quot;:&quot;classic&quot;}\">\n\t\t\t\t\t<div class=\"e-con-inner\">\n\t\t\t\t<div class=\"elementor-element elementor-element-536297e elementor-widget__width-initial elementor-widget elementor-widget-text-editor\" data-id=\"536297e\" data-element_type=\"widget\" data-widget_type=\"text-editor.default\">\n\t\t\t\t<div class=\"elementor-widget-container\">\n\t\t\t\t\t\t\t<p>Wire fences along roads serve as safety barriers to prevent vehicles from sliding off the road, manage traffic flow, and protect pedestrians and wildlife. Additionally, they restrict access to specific areas and infrastructure.<\/p><p>Within our offer, various types of wire fences are available.<\/p>\t\t\t\t\t\t<\/div>\n\t\t\t\t<\/div>\n\t\t\t\t\t<\/div>\n\t\t\t\t<\/div>\n\t\t<div class=\"elementor-element elementor-element-d5cb8d8 e-flex e-con-boxed e-con e-parent\" data-id=\"d5cb8d8\" data-element_type=\"container\">\n\t\t\t\t\t<div class=\"e-con-inner\">\n\t\t\t\t<div class=\"elementor-element elementor-element-b5b6b35 elementor-widget elementor-widget-image\" data-id=\"b5b6b35\" data-element_type=\"widget\" data-widget_type=\"image.default\">\n\t\t\t\t<div class=\"elementor-widget-container\">\n\t\t\t\t\t\t\t\t\t\t\t\t\t<img fetchpriority=\"high\" decoding=\"async\" width=\"768\" height=\"211\" src=\"https:\/\/milmiro.me\/wp-content\/uploads\/2024\/04\/zicana_ograda-768x211.jpeg\" class=\"attachment-medium_large size-medium_large wp-image-1365\" alt=\"\" srcset=\"https:\/\/milmiro.me\/wp-content\/uploads\/2024\/04\/zicana_ograda-768x211.jpeg 768w, https:\/\/milmiro.me\/wp-content\/uploads\/2024\/04\/zicana_ograda-300x83.jpeg 300w, https:\/\/milmiro.me\/wp-content\/uploads\/2024\/04\/zicana_ograda-1024x282.jpeg 1024w, https:\/\/milmiro.me\/wp-content\/uploads\/2024\/04\/zicana_ograda-1536x422.jpeg 1536w, https:\/\/milmiro.me\/wp-content\/uploads\/2024\/04\/zicana_ograda.jpeg 2000w\" sizes=\"(max-width: 768px) 100vw, 768px\" \/>\t\t\t\t\t\t\t\t\t\t\t\t\t<\/div>\n\t\t\t\t<\/div>\n\t\t\t\t\t<\/div>\n\t\t\t\t<\/div>\n\t\t<div class=\"elementor-element elementor-element-c2c0c70 e-flex e-con-boxed e-con e-parent\" data-id=\"c2c0c70\" data-element_type=\"container\">\n\t\t\t\t\t<div class=\"e-con-inner\">\n\t\t\t\t<div class=\"elementor-element elementor-element-5c1d1fa elementor-widget elementor-widget-button\" data-id=\"5c1d1fa\" data-element_type=\"widget\" data-widget_type=\"button.default\">\n\t\t\t\t<div class=\"elementor-widget-container\">\n\t\t\t\t\t\t\t<div class=\"elementor-button-wrapper\">\n\t\t\t\t\t<a class=\"elementor-button elementor-button-link elementor-size-sm\" href=\"http:\/\/milmiro.me\/en\/contact\/\">\n\t\t\t\t\t\t<span class=\"elementor-button-content-wrapper\">\n\t\t\t\t\t\t\t\t\t<span class=\"elementor-button-text\">Contact us<\/span>\n\t\t\t\t\t<\/span>\n\t\t\t\t\t<\/a>\n\t\t\t\t<\/div>\n\t\t\t\t\t\t<\/div>\n\t\t\t\t<\/div>\n\t\t\t\t\t<\/div>\n\t\t\t\t<\/div>\n\t\t\t\t<\/div>","protected":false},"excerpt":{"rendered":"<p>\u017di\u010dane ograde Ponuda Kontakt Na\u0161a ponuda \u017di\u010dane ograde du\u017e puteva slu\u017ee kao sigurnosne barijere za spre\u010davanje skliznuc\u0301a vozila sa puta, upravljanje saobrac\u0301ajem i za za\u0161titu pe\u0161aka i divljih \u017eivotinja. Osim toga, ograni\u010davaju pristup odre\u0111enim podru\u010djima i infrastrukturi. U okviru na\u0161e ponude, dostupni su razli\u010diti tipovi \u017ei\u010danih ograda. Kontaktirajte nas<\/p>","protected":false},"author":1,"featured_media":0,"parent":0,"menu_order":0,"comment_status":"closed","ping_status":"closed","template":"","meta":{"site-sidebar-layout":"no-sidebar","site-content-layout":"page-builder","ast-site-content-layout":"full-width-container","site-content-style":"unboxed","site-sidebar-style":"unboxed","ast-global-header-display":"","ast-banner-title-visibility":"","ast-main-header-display":"","ast-hfb-above-header-display":"","ast-hfb-below-header-display":"","ast-hfb-mobile-header-display":"","site-post-title":"disabled","ast-breadcrumbs-content":"","ast-featured-img":"disabled","footer-sml-layout":"","theme-transparent-header-meta":"","adv-header-id-meta":"","stick-header-meta":"","header-above-stick-meta":"","header-main-stick-meta":"","header-below-stick-meta":"","astra-migrate-meta-layouts":"set","ast-page-background-enabled":"default","ast-page-background-meta":{"desktop":{"background-color":"var(--ast-global-color-4)","background-image":"","background-repeat":"repeat","background-position":"center center","background-size":"auto","background-attachment":"scroll","background-type":"","background-media":"","overlay-type":"","overlay-color":"","overlay-gradient":""},"tablet":{"background-color":"","background-image":"","background-repeat":"repeat","background-position":"center center","background-size":"auto","background-attachment":"scroll","background-type":"","background-media":"","overlay-type":"","overlay-color":"","overlay-gradient":""},"mobile":{"background-color":"","background-image":"","background-repeat":"repeat","background-position":"center center","background-size":"auto","background-attachment":"scroll","background-type":"","background-media":"","overlay-type":"","overlay-color":"","overlay-gradient":""}},"ast-content-background-meta":{"desktop":{"background-color":"var(--ast-global-color-5)","background-image":"","background-repeat":"repeat","background-position":"center center","background-size":"auto","background-attachment":"scroll","background-type":"","background-media":"","overlay-type":"","overlay-color":"","overlay-gradient":""},"tablet":{"background-color":"var(--ast-global-color-5)","background-image":"","background-repeat":"repeat","background-position":"center center","background-size":"auto","background-attachment":"scroll","background-type":"","background-media":"","overlay-type":"","overlay-color":"","overlay-gradient":""},"mobile":{"background-color":"var(--ast-global-color-5)","background-image":"","background-repeat":"repeat","background-position":"center center","background-size":"auto","background-attachment":"scroll","background-type":"","background-media":"","overlay-type":"","overlay-color":"","overlay-gradient":""}},"footnotes":""},"yoast_head":"<!-- This site is optimized with the Yoast SEO plugin v23.0 - https:\/\/yoast.com\/wordpress\/plugins\/seo\/ -->\n<title>\u017di\u010dane ograde - MIL-MIRO<\/title>\n<meta name=\"description\" content=\"Na\u0161a \u0161iroka ponuda \u017ei\u010danih ograda du\u017e puteva pru\u017ea efikasnu za\u0161titu od skliznu\u0107a vozila sa puta, upravljanje saobra\u0107ajem i za\u0161titu pe\u0161aka i divljih \u017eivotinja. Otkrijte razli\u010dite tipove \u017ei\u010danih ograda koje ograni\u010davaju pristup odre\u0111enim podru\u010djima i infrastrukturi. Posetite nas ili kontaktirajte i prona\u0111ite idealnu \u017ei\u010danu ogradu koja odgovara va\u0161im potrebama.\" \/>\n<meta name=\"robots\" content=\"index, follow, max-snippet:-1, max-image-preview:large, max-video-preview:-1\" \/>\n<link rel=\"canonical\" href=\"https:\/\/milmiro.me\/en\/wire-fences\/\" \/>\n<meta property=\"og:locale\" content=\"en_US\" \/>\n<meta property=\"og:type\" content=\"article\" \/>\n<meta property=\"og:title\" content=\"\u017di\u010dane ograde - MIL-MIRO\" \/>\n<meta property=\"og:description\" content=\"Na\u0161a \u0161iroka ponuda \u017ei\u010danih ograda du\u017e puteva pru\u017ea efikasnu za\u0161titu od skliznu\u0107a vozila sa puta, upravljanje saobra\u0107ajem i za\u0161titu pe\u0161aka i divljih \u017eivotinja. Otkrijte razli\u010dite tipove \u017ei\u010danih ograda koje ograni\u010davaju pristup odre\u0111enim podru\u010djima i infrastrukturi. Posetite nas ili kontaktirajte i prona\u0111ite idealnu \u017ei\u010danu ogradu koja odgovara va\u0161im potrebama.\" \/>\n<meta property=\"og:url\" content=\"https:\/\/milmiro.me\/en\/wire-fences\/\" \/>\n<meta property=\"og:site_name\" content=\"MIL-MIRO\" \/>\n<meta property=\"article:modified_time\" content=\"2025-03-22T18:30:33+00:00\" \/>\n<meta property=\"og:image\" content=\"https:\/\/milmiro.me\/wp-content\/uploads\/2024\/04\/zicana_ograda-768x211.jpeg\" \/>\n<meta name=\"twitter:card\" content=\"summary_large_image\" \/>\n<meta name=\"twitter:label1\" content=\"Est. reading time\" \/>\n\t<meta name=\"twitter:data1\" content=\"1 minute\" \/>\n<script type=\"application\/ld+json\" class=\"yoast-schema-graph\">{\"@context\":\"https:\/\/schema.org\",\"@graph\":[{\"@type\":\"WebPage\",\"@id\":\"https:\/\/milmiro.me\/zicane-ograde\/\",\"url\":\"https:\/\/milmiro.me\/zicane-ograde\/\",\"name\":\"\u017di\u010dane ograde - MIL-MIRO\",\"isPartOf\":{\"@id\":\"https:\/\/milmiro.me\/#website\"},\"primaryImageOfPage\":{\"@id\":\"https:\/\/milmiro.me\/zicane-ograde\/#primaryimage\"},\"image\":{\"@id\":\"https:\/\/milmiro.me\/zicane-ograde\/#primaryimage\"},\"thumbnailUrl\":\"https:\/\/milmiro.me\/wp-content\/uploads\/2024\/04\/zicana_ograda-768x211.jpeg\",\"datePublished\":\"2024-04-08T17:40:04+00:00\",\"dateModified\":\"2025-03-22T18:30:33+00:00\",\"description\":\"Na\u0161a \u0161iroka ponuda \u017ei\u010danih ograda du\u017e puteva pru\u017ea efikasnu za\u0161titu od skliznu\u0107a vozila sa puta, upravljanje saobra\u0107ajem i za\u0161titu pe\u0161aka i divljih \u017eivotinja. Otkrijte razli\u010dite tipove \u017ei\u010danih ograda koje ograni\u010davaju pristup odre\u0111enim podru\u010djima i infrastrukturi. Posetite nas ili kontaktirajte i prona\u0111ite idealnu \u017ei\u010danu ogradu koja odgovara va\u0161im potrebama.\",\"breadcrumb\":{\"@id\":\"https:\/\/milmiro.me\/zicane-ograde\/#breadcrumb\"},\"inLanguage\":\"en-US\",\"potentialAction\":[{\"@type\":\"ReadAction\",\"target\":[\"https:\/\/milmiro.me\/zicane-ograde\/\"]}]},{\"@type\":\"ImageObject\",\"inLanguage\":\"en-US\",\"@id\":\"https:\/\/milmiro.me\/zicane-ograde\/#primaryimage\",\"url\":\"https:\/\/milmiro.me\/wp-content\/uploads\/2024\/04\/zicana_ograda-768x211.jpeg\",\"contentUrl\":\"https:\/\/milmiro.me\/wp-content\/uploads\/2024\/04\/zicana_ograda-768x211.jpeg\"},{\"@type\":\"BreadcrumbList\",\"@id\":\"https:\/\/milmiro.me\/zicane-ograde\/#breadcrumb\",\"itemListElement\":[{\"@type\":\"ListItem\",\"position\":1,\"name\":\"Home\",\"item\":\"https:\/\/milmiro.me\/\"},{\"@type\":\"ListItem\",\"position\":2,\"name\":\"\u017di\u010dane ograde\"}]},{\"@type\":\"WebSite\",\"@id\":\"https:\/\/milmiro.me\/#website\",\"url\":\"https:\/\/milmiro.me\/\",\"name\":\"MIL-MIRO\",\"description\":\"\",\"publisher\":{\"@id\":\"https:\/\/milmiro.me\/#organization\"},\"potentialAction\":[{\"@type\":\"SearchAction\",\"target\":{\"@type\":\"EntryPoint\",\"urlTemplate\":\"https:\/\/milmiro.me\/?s={search_term_string}\"},\"query-input\":\"required name=search_term_string\"}],\"inLanguage\":\"en-US\"},{\"@type\":\"Organization\",\"@id\":\"https:\/\/milmiro.me\/#organization\",\"name\":\"MIL-MIRO\",\"url\":\"https:\/\/milmiro.me\/\",\"logo\":{\"@type\":\"ImageObject\",\"inLanguage\":\"en-US\",\"@id\":\"https:\/\/milmiro.me\/#\/schema\/logo\/image\/\",\"url\":\"https:\/\/milmiro.me\/wp-content\/uploads\/2024\/04\/MIL-MIRO.png\",\"contentUrl\":\"https:\/\/milmiro.me\/wp-content\/uploads\/2024\/04\/MIL-MIRO.png\",\"width\":709,\"height\":326,\"caption\":\"MIL-MIRO\"},\"image\":{\"@id\":\"https:\/\/milmiro.me\/#\/schema\/logo\/image\/\"}}]}<\/script>\n<!-- \/ Yoast SEO plugin. -->","yoast_head_json":{"title":"\u017di\u010dane ograde - MIL-MIRO","description":"Na\u0161a \u0161iroka ponuda \u017ei\u010danih ograda du\u017e puteva pru\u017ea efikasnu za\u0161titu od skliznu\u0107a vozila sa puta, upravljanje saobra\u0107ajem i za\u0161titu pe\u0161aka i divljih \u017eivotinja. Otkrijte razli\u010dite tipove \u017ei\u010danih ograda koje ograni\u010davaju pristup odre\u0111enim podru\u010djima i infrastrukturi. Posetite nas ili kontaktirajte i prona\u0111ite idealnu \u017ei\u010danu ogradu koja odgovara va\u0161im potrebama.","robots":{"index":"index","follow":"follow","max-snippet":"max-snippet:-1","max-image-preview":"max-image-preview:large","max-video-preview":"max-video-preview:-1"},"canonical":"https:\/\/milmiro.me\/en\/wire-fences\/","og_locale":"en_US","og_type":"article","og_title":"\u017di\u010dane ograde - MIL-MIRO","og_description":"Na\u0161a \u0161iroka ponuda \u017ei\u010danih ograda du\u017e puteva pru\u017ea efikasnu za\u0161titu od skliznu\u0107a vozila sa puta, upravljanje saobra\u0107ajem i za\u0161titu pe\u0161aka i divljih \u017eivotinja. Otkrijte razli\u010dite tipove \u017ei\u010danih ograda koje ograni\u010davaju pristup odre\u0111enim podru\u010djima i infrastrukturi. Posetite nas ili kontaktirajte i prona\u0111ite idealnu \u017ei\u010danu ogradu koja odgovara va\u0161im potrebama.","og_url":"https:\/\/milmiro.me\/en\/wire-fences\/","og_site_name":"MIL-MIRO","article_modified_time":"2025-03-22T18:30:33+00:00","og_image":[{"url":"https:\/\/milmiro.me\/wp-content\/uploads\/2024\/04\/zicana_ograda-768x211.jpeg"}],"twitter_card":"summary_large_image","twitter_misc":{"Est. reading time":"1 minute"},"schema":{"@context":"https:\/\/schema.org","@graph":[{"@type":"WebPage","@id":"https:\/\/milmiro.me\/zicane-ograde\/","url":"https:\/\/milmiro.me\/zicane-ograde\/","name":"\u017di\u010dane ograde - MIL-MIRO","isPartOf":{"@id":"https:\/\/milmiro.me\/#website"},"primaryImageOfPage":{"@id":"https:\/\/milmiro.me\/zicane-ograde\/#primaryimage"},"image":{"@id":"https:\/\/milmiro.me\/zicane-ograde\/#primaryimage"},"thumbnailUrl":"https:\/\/milmiro.me\/wp-content\/uploads\/2024\/04\/zicana_ograda-768x211.jpeg","datePublished":"2024-04-08T17:40:04+00:00","dateModified":"2025-03-22T18:30:33+00:00","description":"Na\u0161a \u0161iroka ponuda \u017ei\u010danih ograda du\u017e puteva pru\u017ea efikasnu za\u0161titu od skliznu\u0107a vozila sa puta, upravljanje saobra\u0107ajem i za\u0161titu pe\u0161aka i divljih \u017eivotinja. Otkrijte razli\u010dite tipove \u017ei\u010danih ograda koje ograni\u010davaju pristup odre\u0111enim podru\u010djima i infrastrukturi. Posetite nas ili kontaktirajte i prona\u0111ite idealnu \u017ei\u010danu ogradu koja odgovara va\u0161im potrebama.","breadcrumb":{"@id":"https:\/\/milmiro.me\/zicane-ograde\/#breadcrumb"},"inLanguage":"en-US","potentialAction":[{"@type":"ReadAction","target":["https:\/\/milmiro.me\/zicane-ograde\/"]}]},{"@type":"ImageObject","inLanguage":"en-US","@id":"https:\/\/milmiro.me\/zicane-ograde\/#primaryimage","url":"https:\/\/milmiro.me\/wp-content\/uploads\/2024\/04\/zicana_ograda-768x211.jpeg","contentUrl":"https:\/\/milmiro.me\/wp-content\/uploads\/2024\/04\/zicana_ograda-768x211.jpeg"},{"@type":"BreadcrumbList","@id":"https:\/\/milmiro.me\/zicane-ograde\/#breadcrumb","itemListElement":[{"@type":"ListItem","position":1,"name":"Home","item":"https:\/\/milmiro.me\/"},{"@type":"ListItem","position":2,"name":"\u017di\u010dane ograde"}]},{"@type":"WebSite","@id":"https:\/\/milmiro.me\/#website","url":"https:\/\/milmiro.me\/","name":"MIL-MIRO","description":"","publisher":{"@id":"https:\/\/milmiro.me\/#organization"},"potentialAction":[{"@type":"SearchAction","target":{"@type":"EntryPoint","urlTemplate":"https:\/\/milmiro.me\/?s={search_term_string}"},"query-input":"required name=search_term_string"}],"inLanguage":"en-US"},{"@type":"Organization","@id":"https:\/\/milmiro.me\/#organization","name":"MIL-MIRO","url":"https:\/\/milmiro.me\/","logo":{"@type":"ImageObject","inLanguage":"en-US","@id":"https:\/\/milmiro.me\/#\/schema\/logo\/image\/","url":"https:\/\/milmiro.me\/wp-content\/uploads\/2024\/04\/MIL-MIRO.png","contentUrl":"https:\/\/milmiro.me\/wp-content\/uploads\/2024\/04\/MIL-MIRO.png","width":709,"height":326,"caption":"MIL-MIRO"},"image":{"@id":"https:\/\/milmiro.me\/#\/schema\/logo\/image\/"}}]}},"_links":{"self":[{"href":"https:\/\/milmiro.me\/en\/wp-json\/wp\/v2\/pages\/1312"}],"collection":[{"href":"https:\/\/milmiro.me\/en\/wp-json\/wp\/v2\/pages"}],"about":[{"href":"https:\/\/milmiro.me\/en\/wp-json\/wp\/v2\/types\/page"}],"author":[{"embeddable":true,"href":"https:\/\/milmiro.me\/en\/wp-json\/wp\/v2\/users\/1"}],"replies":[{"embeddable":true,"href":"https:\/\/milmiro.me\/en\/wp-json\/wp\/v2\/comments?post=1312"}],"version-history":[{"count":17,"href":"https:\/\/milmiro.me\/en\/wp-json\/wp\/v2\/pages\/1312\/revisions"}],"predecessor-version":[{"id":1528,"href":"https:\/\/milmiro.me\/en\/wp-json\/wp\/v2\/pages\/1312\/revisions\/1528"}],"wp:attachment":[{"href":"https:\/\/milmiro.me\/en\/wp-json\/wp\/v2\/media?parent=1312"}],"curies":[{"name":"wp","href":"https:\/\/api.w.org\/{rel}","templated":true}]}}