{"id":1313,"date":"2024-04-08T18:40:04","date_gmt":"2024-04-08T17:40:04","guid":{"rendered":"https:\/\/milmiro.me\/?page_id=1313"},"modified":"2024-04-10T10:19:44","modified_gmt":"2024-04-10T09:19:44","slug":"pesacke-ograde","status":"publish","type":"page","link":"https:\/\/milmiro.me\/en\/pedestrian-railings\/","title":{"rendered":"Pedestrian Railings"},"content":{"rendered":"<div data-elementor-type=\"wp-page\" data-elementor-id=\"1313\" class=\"elementor elementor-1313\">\n\t\t\t\t<div class=\"elementor-element elementor-element-47b9209 e-flex e-con-boxed e-con e-parent\" data-id=\"47b9209\" data-element_type=\"container\" data-settings=\"{&quot;background_background&quot;:&quot;classic&quot;}\">\n\t\t\t\t\t<div class=\"e-con-inner\">\n\t\t<div class=\"elementor-element elementor-element-b982692 e-con-full e-flex e-con e-child\" data-id=\"b982692\" data-element_type=\"container\">\n\t\t\t\t<div class=\"elementor-element elementor-element-3a7f4d8 elementor-widget elementor-widget-heading\" data-id=\"3a7f4d8\" data-element_type=\"widget\" data-widget_type=\"heading.default\">\n\t\t\t\t<div class=\"elementor-widget-container\">\n\t\t\t<h1 class=\"elementor-heading-title elementor-size-default\">Pedestrian Railings<\/h1>\t\t<\/div>\n\t\t\t\t<\/div>\n\t\t<div class=\"elementor-element elementor-element-3303e16 e-con-full e-flex e-con e-child\" data-id=\"3303e16\" data-element_type=\"container\">\n\t\t<div class=\"elementor-element elementor-element-d0f23db e-con-full e-flex e-con e-child\" data-id=\"d0f23db\" data-element_type=\"container\">\n\t\t\t\t<div class=\"elementor-element elementor-element-98a33cf elementor-widget__width-initial elementor-widget elementor-widget-button\" data-id=\"98a33cf\" data-element_type=\"widget\" data-widget_type=\"button.default\">\n\t\t\t\t<div class=\"elementor-widget-container\">\n\t\t\t\t\t\t\t<div class=\"elementor-button-wrapper\">\n\t\t\t\t\t<a class=\"elementor-button elementor-button-link elementor-size-sm\" href=\"#offer\">\n\t\t\t\t\t\t<span class=\"elementor-button-content-wrapper\">\n\t\t\t\t\t\t\t\t\t<span class=\"elementor-button-text\">Offer<\/span>\n\t\t\t\t\t<\/span>\n\t\t\t\t\t<\/a>\n\t\t\t\t<\/div>\n\t\t\t\t\t\t<\/div>\n\t\t\t\t<\/div>\n\t\t\t\t<div class=\"elementor-element elementor-element-42df941 elementor-widget__width-auto elementor-widget elementor-widget-button\" data-id=\"42df941\" data-element_type=\"widget\" data-widget_type=\"button.default\">\n\t\t\t\t<div class=\"elementor-widget-container\">\n\t\t\t\t\t\t\t<div class=\"elementor-button-wrapper\">\n\t\t\t\t\t<a class=\"elementor-button elementor-button-link elementor-size-sm\" href=\"http:\/\/milmiro.me\/en\/contact\/\">\n\t\t\t\t\t\t<span class=\"elementor-button-content-wrapper\">\n\t\t\t\t\t\t\t\t\t<span class=\"elementor-button-text\">Contact<\/span>\n\t\t\t\t\t<\/span>\n\t\t\t\t\t<\/a>\n\t\t\t\t<\/div>\n\t\t\t\t\t\t<\/div>\n\t\t\t\t<\/div>\n\t\t\t\t<\/div>\n\t\t\t\t<\/div>\n\t\t\t\t<\/div>\n\t\t\t\t\t<\/div>\n\t\t\t\t<\/div>\n\t\t<div class=\"elementor-element elementor-element-40b6eb1 e-flex e-con-boxed e-con e-parent\" data-id=\"40b6eb1\" data-element_type=\"container\" id=\"offer\" data-settings=\"{&quot;background_background&quot;:&quot;classic&quot;}\">\n\t\t\t\t\t<div class=\"e-con-inner\">\n\t\t\t\t<div class=\"elementor-element elementor-element-92923ab elementor-widget elementor-widget-heading\" data-id=\"92923ab\" data-element_type=\"widget\" data-widget_type=\"heading.default\">\n\t\t\t\t<div class=\"elementor-widget-container\">\n\t\t\t<h2 class=\"elementor-heading-title elementor-size-default\">Our offer<\/h2>\t\t<\/div>\n\t\t\t\t<\/div>\n\t\t\t\t\t<\/div>\n\t\t\t\t<\/div>\n\t\t<div class=\"elementor-element elementor-element-0433dd7 e-flex e-con-boxed e-con e-parent\" data-id=\"0433dd7\" data-element_type=\"container\" data-settings=\"{&quot;background_background&quot;:&quot;classic&quot;}\">\n\t\t\t\t\t<div class=\"e-con-inner\">\n\t\t\t\t<div class=\"elementor-element elementor-element-2152761 elementor-widget__width-initial elementor-widget elementor-widget-text-editor\" data-id=\"2152761\" data-element_type=\"widget\" data-widget_type=\"text-editor.default\">\n\t\t\t\t<div class=\"elementor-widget-container\">\n\t\t\t\t\t\t\t<p>Pedestrian railings are key safety elements in urban environments, providing protection for pedestrians along traffic surfaces. These railings serve as physical barriers that shield pedestrians from vehicle passage and ensure safe crossing of roads. Their design often blends functionality with aesthetics, contributing to the urban landscape and providing a sense of security.<\/p><p>The pedestrian railings available within our offer can be customized (in terms of dimensions and corrosion protection) to meet customer requirements.<\/p>\t\t\t\t\t\t<\/div>\n\t\t\t\t<\/div>\n\t\t\t\t\t<\/div>\n\t\t\t\t<\/div>\n\t\t<div class=\"elementor-element elementor-element-71e477c e-flex e-con-boxed e-con e-parent\" data-id=\"71e477c\" data-element_type=\"container\">\n\t\t\t\t\t<div class=\"e-con-inner\">\n\t\t\t\t<div class=\"elementor-element elementor-element-ba9c0af elementor-widget elementor-widget-image\" data-id=\"ba9c0af\" data-element_type=\"widget\" data-widget_type=\"image.default\">\n\t\t\t\t<div class=\"elementor-widget-container\">\n\t\t\t\t\t\t\t\t\t\t\t\t\t<img fetchpriority=\"high\" decoding=\"async\" width=\"768\" height=\"1075\" src=\"https:\/\/milmiro.me\/wp-content\/uploads\/2024\/04\/pexels-arturas-kokorevas-11776126-768x1075.jpg\" class=\"attachment-medium_large size-medium_large wp-image-1375\" alt=\"\" srcset=\"https:\/\/milmiro.me\/wp-content\/uploads\/2024\/04\/pexels-arturas-kokorevas-11776126-768x1075.jpg 768w, https:\/\/milmiro.me\/wp-content\/uploads\/2024\/04\/pexels-arturas-kokorevas-11776126-214x300.jpg 214w, https:\/\/milmiro.me\/wp-content\/uploads\/2024\/04\/pexels-arturas-kokorevas-11776126-731x1024.jpg 731w, https:\/\/milmiro.me\/wp-content\/uploads\/2024\/04\/pexels-arturas-kokorevas-11776126-1097x1536.jpg 1097w, https:\/\/milmiro.me\/wp-content\/uploads\/2024\/04\/pexels-arturas-kokorevas-11776126-1463x2048.jpg 1463w, https:\/\/milmiro.me\/wp-content\/uploads\/2024\/04\/pexels-arturas-kokorevas-11776126-scaled.jpg 1829w\" sizes=\"(max-width: 768px) 100vw, 768px\" \/>\t\t\t\t\t\t\t\t\t\t\t\t\t<\/div>\n\t\t\t\t<\/div>\n\t\t\t\t\t<\/div>\n\t\t\t\t<\/div>\n\t\t<div class=\"elementor-element elementor-element-5240fff e-flex e-con-boxed e-con e-parent\" data-id=\"5240fff\" data-element_type=\"container\">\n\t\t\t\t\t<div class=\"e-con-inner\">\n\t\t\t\t<div class=\"elementor-element elementor-element-e7ecbf3 elementor-widget elementor-widget-button\" data-id=\"e7ecbf3\" data-element_type=\"widget\" data-widget_type=\"button.default\">\n\t\t\t\t<div class=\"elementor-widget-container\">\n\t\t\t\t\t\t\t<div class=\"elementor-button-wrapper\">\n\t\t\t\t\t<a class=\"elementor-button elementor-button-link elementor-size-sm\" href=\"http:\/\/milmiro.me\/en\/contact\/\">\n\t\t\t\t\t\t<span class=\"elementor-button-content-wrapper\">\n\t\t\t\t\t\t\t\t\t<span class=\"elementor-button-text\">Contact us<\/span>\n\t\t\t\t\t<\/span>\n\t\t\t\t\t<\/a>\n\t\t\t\t<\/div>\n\t\t\t\t\t\t<\/div>\n\t\t\t\t<\/div>\n\t\t\t\t\t<\/div>\n\t\t\t\t<\/div>\n\t\t\t\t<\/div>","protected":false},"excerpt":{"rendered":"<p>Pe\u0161a\u010dke ograde Ponuda Kontakt Na\u0161a ponuda Pe\u0161a\u010dke ograde su klju\u010dni elementi bezbednosti u urbanim sredinama, koji obezbe\u0111uju za\u0161titu pe\u0161aka du\u017e saobrac\u0301ajnih povr\u0161ina. Ove ograde predstavljaju fizi\u010dku barijeru koja \u0161titi pe\u0161ake od prolaska vozila i obezbe\u0111uje bezbedan prolaz preko puteva. Njihov dizajn \u010desto kombinuje funkcionalnost sa estetikom, doprinosec\u0301i urbanom pejza\u017eu i pru\u017eajuc\u0301i osec\u0301aj sigurnosti. Pe\u0161a\u010dke ograde [&hellip;]<\/p>","protected":false},"author":1,"featured_media":0,"parent":0,"menu_order":0,"comment_status":"closed","ping_status":"closed","template":"","meta":{"site-sidebar-layout":"no-sidebar","site-content-layout":"page-builder","ast-site-content-layout":"full-width-container","site-content-style":"unboxed","site-sidebar-style":"unboxed","ast-global-header-display":"","ast-banner-title-visibility":"","ast-main-header-display":"","ast-hfb-above-header-display":"","ast-hfb-below-header-display":"","ast-hfb-mobile-header-display":"","site-post-title":"disabled","ast-breadcrumbs-content":"","ast-featured-img":"disabled","footer-sml-layout":"","theme-transparent-header-meta":"","adv-header-id-meta":"","stick-header-meta":"","header-above-stick-meta":"","header-main-stick-meta":"","header-below-stick-meta":"","astra-migrate-meta-layouts":"set","ast-page-background-enabled":"default","ast-page-background-meta":{"desktop":{"background-color":"var(--ast-global-color-4)","background-image":"","background-repeat":"repeat","background-position":"center center","background-size":"auto","background-attachment":"scroll","background-type":"","background-media":"","overlay-type":"","overlay-color":"","overlay-gradient":""},"tablet":{"background-color":"","background-image":"","background-repeat":"repeat","background-position":"center center","background-size":"auto","background-attachment":"scroll","background-type":"","background-media":"","overlay-type":"","overlay-color":"","overlay-gradient":""},"mobile":{"background-color":"","background-image":"","background-repeat":"repeat","background-position":"center center","background-size":"auto","background-attachment":"scroll","background-type":"","background-media":"","overlay-type":"","overlay-color":"","overlay-gradient":""}},"ast-content-background-meta":{"desktop":{"background-color":"var(--ast-global-color-5)","background-image":"","background-repeat":"repeat","background-position":"center center","background-size":"auto","background-attachment":"scroll","background-type":"","background-media":"","overlay-type":"","overlay-color":"","overlay-gradient":""},"tablet":{"background-color":"var(--ast-global-color-5)","background-image":"","background-repeat":"repeat","background-position":"center center","background-size":"auto","background-attachment":"scroll","background-type":"","background-media":"","overlay-type":"","overlay-color":"","overlay-gradient":""},"mobile":{"background-color":"var(--ast-global-color-5)","background-image":"","background-repeat":"repeat","background-position":"center center","background-size":"auto","background-attachment":"scroll","background-type":"","background-media":"","overlay-type":"","overlay-color":"","overlay-gradient":""}},"footnotes":""},"yoast_head":"<!-- This site is optimized with the Yoast SEO plugin v23.0 - https:\/\/yoast.com\/wordpress\/plugins\/seo\/ -->\n<title>Pe\u0161a\u010dke ograde - MIL-MIRO<\/title>\n<meta name=\"description\" content=\"MIL-MIRO nudi pe\u0161a\u010dke ograde koje su dostupne u okviru na\u0161e ponude mogu biti prilago\u0111ene (po pitanju dimenzija i antikorozivne za\u0161tite) zahtevima kupaca.\" \/>\n<meta name=\"robots\" content=\"index, follow, max-snippet:-1, max-image-preview:large, max-video-preview:-1\" \/>\n<link rel=\"canonical\" href=\"https:\/\/milmiro.me\/en\/pedestrian-railings\/\" \/>\n<meta property=\"og:locale\" content=\"en_US\" \/>\n<meta property=\"og:type\" content=\"article\" \/>\n<meta property=\"og:title\" content=\"Pe\u0161a\u010dke ograde - MIL-MIRO\" \/>\n<meta property=\"og:description\" content=\"MIL-MIRO nudi pe\u0161a\u010dke ograde koje su dostupne u okviru na\u0161e ponude mogu biti prilago\u0111ene (po pitanju dimenzija i antikorozivne za\u0161tite) zahtevima kupaca.\" \/>\n<meta property=\"og:url\" content=\"https:\/\/milmiro.me\/en\/pedestrian-railings\/\" \/>\n<meta property=\"og:site_name\" content=\"MIL-MIRO\" \/>\n<meta property=\"article:modified_time\" content=\"2024-04-10T09:19:44+00:00\" \/>\n<meta property=\"og:image\" content=\"https:\/\/milmiro.me\/wp-content\/uploads\/2024\/04\/pexels-arturas-kokorevas-11776126-768x1075.jpg\" \/>\n<meta name=\"twitter:card\" content=\"summary_large_image\" \/>\n<meta name=\"twitter:label1\" content=\"Est. reading time\" \/>\n\t<meta name=\"twitter:data1\" content=\"1 minute\" \/>\n<script type=\"application\/ld+json\" class=\"yoast-schema-graph\">{\"@context\":\"https:\/\/schema.org\",\"@graph\":[{\"@type\":\"WebPage\",\"@id\":\"https:\/\/milmiro.me\/pesacke-ograde\/\",\"url\":\"https:\/\/milmiro.me\/pesacke-ograde\/\",\"name\":\"Pe\u0161a\u010dke ograde - MIL-MIRO\",\"isPartOf\":{\"@id\":\"https:\/\/milmiro.me\/#website\"},\"primaryImageOfPage\":{\"@id\":\"https:\/\/milmiro.me\/pesacke-ograde\/#primaryimage\"},\"image\":{\"@id\":\"https:\/\/milmiro.me\/pesacke-ograde\/#primaryimage\"},\"thumbnailUrl\":\"https:\/\/milmiro.me\/wp-content\/uploads\/2024\/04\/pexels-arturas-kokorevas-11776126-768x1075.jpg\",\"datePublished\":\"2024-04-08T17:40:04+00:00\",\"dateModified\":\"2024-04-10T09:19:44+00:00\",\"description\":\"MIL-MIRO nudi pe\u0161a\u010dke ograde koje su dostupne u okviru na\u0161e ponude mogu biti prilago\u0111ene (po pitanju dimenzija i antikorozivne za\u0161tite) zahtevima kupaca.\",\"breadcrumb\":{\"@id\":\"https:\/\/milmiro.me\/pesacke-ograde\/#breadcrumb\"},\"inLanguage\":\"en-US\",\"potentialAction\":[{\"@type\":\"ReadAction\",\"target\":[\"https:\/\/milmiro.me\/pesacke-ograde\/\"]}]},{\"@type\":\"ImageObject\",\"inLanguage\":\"en-US\",\"@id\":\"https:\/\/milmiro.me\/pesacke-ograde\/#primaryimage\",\"url\":\"https:\/\/milmiro.me\/wp-content\/uploads\/2024\/04\/pexels-arturas-kokorevas-11776126-768x1075.jpg\",\"contentUrl\":\"https:\/\/milmiro.me\/wp-content\/uploads\/2024\/04\/pexels-arturas-kokorevas-11776126-768x1075.jpg\"},{\"@type\":\"BreadcrumbList\",\"@id\":\"https:\/\/milmiro.me\/pesacke-ograde\/#breadcrumb\",\"itemListElement\":[{\"@type\":\"ListItem\",\"position\":1,\"name\":\"Home\",\"item\":\"https:\/\/milmiro.me\/\"},{\"@type\":\"ListItem\",\"position\":2,\"name\":\"Pe\u0161a\u010dke ograde\"}]},{\"@type\":\"WebSite\",\"@id\":\"https:\/\/milmiro.me\/#website\",\"url\":\"https:\/\/milmiro.me\/\",\"name\":\"MIL-MIRO\",\"description\":\"\",\"publisher\":{\"@id\":\"https:\/\/milmiro.me\/#organization\"},\"potentialAction\":[{\"@type\":\"SearchAction\",\"target\":{\"@type\":\"EntryPoint\",\"urlTemplate\":\"https:\/\/milmiro.me\/?s={search_term_string}\"},\"query-input\":\"required name=search_term_string\"}],\"inLanguage\":\"en-US\"},{\"@type\":\"Organization\",\"@id\":\"https:\/\/milmiro.me\/#organization\",\"name\":\"MIL-MIRO\",\"url\":\"https:\/\/milmiro.me\/\",\"logo\":{\"@type\":\"ImageObject\",\"inLanguage\":\"en-US\",\"@id\":\"https:\/\/milmiro.me\/#\/schema\/logo\/image\/\",\"url\":\"https:\/\/milmiro.me\/wp-content\/uploads\/2024\/04\/MIL-MIRO.png\",\"contentUrl\":\"https:\/\/milmiro.me\/wp-content\/uploads\/2024\/04\/MIL-MIRO.png\",\"width\":709,\"height\":326,\"caption\":\"MIL-MIRO\"},\"image\":{\"@id\":\"https:\/\/milmiro.me\/#\/schema\/logo\/image\/\"}}]}<\/script>\n<!-- \/ Yoast SEO plugin. -->","yoast_head_json":{"title":"Pe\u0161a\u010dke ograde - MIL-MIRO","description":"MIL-MIRO nudi pe\u0161a\u010dke ograde koje su dostupne u okviru na\u0161e ponude mogu biti prilago\u0111ene (po pitanju dimenzija i antikorozivne za\u0161tite) zahtevima kupaca.","robots":{"index":"index","follow":"follow","max-snippet":"max-snippet:-1","max-image-preview":"max-image-preview:large","max-video-preview":"max-video-preview:-1"},"canonical":"https:\/\/milmiro.me\/en\/pedestrian-railings\/","og_locale":"en_US","og_type":"article","og_title":"Pe\u0161a\u010dke ograde - MIL-MIRO","og_description":"MIL-MIRO nudi pe\u0161a\u010dke ograde koje su dostupne u okviru na\u0161e ponude mogu biti prilago\u0111ene (po pitanju dimenzija i antikorozivne za\u0161tite) zahtevima kupaca.","og_url":"https:\/\/milmiro.me\/en\/pedestrian-railings\/","og_site_name":"MIL-MIRO","article_modified_time":"2024-04-10T09:19:44+00:00","og_image":[{"url":"https:\/\/milmiro.me\/wp-content\/uploads\/2024\/04\/pexels-arturas-kokorevas-11776126-768x1075.jpg"}],"twitter_card":"summary_large_image","twitter_misc":{"Est. reading time":"1 minute"},"schema":{"@context":"https:\/\/schema.org","@graph":[{"@type":"WebPage","@id":"https:\/\/milmiro.me\/pesacke-ograde\/","url":"https:\/\/milmiro.me\/pesacke-ograde\/","name":"Pe\u0161a\u010dke ograde - MIL-MIRO","isPartOf":{"@id":"https:\/\/milmiro.me\/#website"},"primaryImageOfPage":{"@id":"https:\/\/milmiro.me\/pesacke-ograde\/#primaryimage"},"image":{"@id":"https:\/\/milmiro.me\/pesacke-ograde\/#primaryimage"},"thumbnailUrl":"https:\/\/milmiro.me\/wp-content\/uploads\/2024\/04\/pexels-arturas-kokorevas-11776126-768x1075.jpg","datePublished":"2024-04-08T17:40:04+00:00","dateModified":"2024-04-10T09:19:44+00:00","description":"MIL-MIRO nudi pe\u0161a\u010dke ograde koje su dostupne u okviru na\u0161e ponude mogu biti prilago\u0111ene (po pitanju dimenzija i antikorozivne za\u0161tite) zahtevima kupaca.","breadcrumb":{"@id":"https:\/\/milmiro.me\/pesacke-ograde\/#breadcrumb"},"inLanguage":"en-US","potentialAction":[{"@type":"ReadAction","target":["https:\/\/milmiro.me\/pesacke-ograde\/"]}]},{"@type":"ImageObject","inLanguage":"en-US","@id":"https:\/\/milmiro.me\/pesacke-ograde\/#primaryimage","url":"https:\/\/milmiro.me\/wp-content\/uploads\/2024\/04\/pexels-arturas-kokorevas-11776126-768x1075.jpg","contentUrl":"https:\/\/milmiro.me\/wp-content\/uploads\/2024\/04\/pexels-arturas-kokorevas-11776126-768x1075.jpg"},{"@type":"BreadcrumbList","@id":"https:\/\/milmiro.me\/pesacke-ograde\/#breadcrumb","itemListElement":[{"@type":"ListItem","position":1,"name":"Home","item":"https:\/\/milmiro.me\/"},{"@type":"ListItem","position":2,"name":"Pe\u0161a\u010dke ograde"}]},{"@type":"WebSite","@id":"https:\/\/milmiro.me\/#website","url":"https:\/\/milmiro.me\/","name":"MIL-MIRO","description":"","publisher":{"@id":"https:\/\/milmiro.me\/#organization"},"potentialAction":[{"@type":"SearchAction","target":{"@type":"EntryPoint","urlTemplate":"https:\/\/milmiro.me\/?s={search_term_string}"},"query-input":"required name=search_term_string"}],"inLanguage":"en-US"},{"@type":"Organization","@id":"https:\/\/milmiro.me\/#organization","name":"MIL-MIRO","url":"https:\/\/milmiro.me\/","logo":{"@type":"ImageObject","inLanguage":"en-US","@id":"https:\/\/milmiro.me\/#\/schema\/logo\/image\/","url":"https:\/\/milmiro.me\/wp-content\/uploads\/2024\/04\/MIL-MIRO.png","contentUrl":"https:\/\/milmiro.me\/wp-content\/uploads\/2024\/04\/MIL-MIRO.png","width":709,"height":326,"caption":"MIL-MIRO"},"image":{"@id":"https:\/\/milmiro.me\/#\/schema\/logo\/image\/"}}]}},"_links":{"self":[{"href":"https:\/\/milmiro.me\/en\/wp-json\/wp\/v2\/pages\/1313"}],"collection":[{"href":"https:\/\/milmiro.me\/en\/wp-json\/wp\/v2\/pages"}],"about":[{"href":"https:\/\/milmiro.me\/en\/wp-json\/wp\/v2\/types\/page"}],"author":[{"embeddable":true,"href":"https:\/\/milmiro.me\/en\/wp-json\/wp\/v2\/users\/1"}],"replies":[{"embeddable":true,"href":"https:\/\/milmiro.me\/en\/wp-json\/wp\/v2\/comments?post=1313"}],"version-history":[{"count":14,"href":"https:\/\/milmiro.me\/en\/wp-json\/wp\/v2\/pages\/1313\/revisions"}],"predecessor-version":[{"id":1451,"href":"https:\/\/milmiro.me\/en\/wp-json\/wp\/v2\/pages\/1313\/revisions\/1451"}],"wp:attachment":[{"href":"https:\/\/milmiro.me\/en\/wp-json\/wp\/v2\/media?parent=1313"}],"curies":[{"name":"wp","href":"https:\/\/api.w.org\/{rel}","templated":true}]}}