{"id":1321,"date":"2024-04-08T18:40:48","date_gmt":"2024-04-08T17:40:48","guid":{"rendered":"https:\/\/milmiro.me\/?page_id=1321"},"modified":"2024-04-10T10:18:38","modified_gmt":"2024-04-10T09:18:38","slug":"paneli-za-zastitu-od-buke","status":"publish","type":"page","link":"https:\/\/milmiro.me\/en\/panels-for-noise-protection\/","title":{"rendered":"Noise Barrier Panels"},"content":{"rendered":"<div data-elementor-type=\"wp-page\" data-elementor-id=\"1321\" class=\"elementor elementor-1321\">\n\t\t\t\t<div class=\"elementor-element elementor-element-58e229b e-flex e-con-boxed e-con e-parent\" data-id=\"58e229b\" data-element_type=\"container\" data-settings=\"{&quot;background_background&quot;:&quot;classic&quot;}\">\n\t\t\t\t\t<div class=\"e-con-inner\">\n\t\t<div class=\"elementor-element elementor-element-e7a33c0 e-con-full e-flex e-con e-child\" data-id=\"e7a33c0\" data-element_type=\"container\">\n\t\t\t\t<div class=\"elementor-element elementor-element-7a46cd8 elementor-widget elementor-widget-heading\" data-id=\"7a46cd8\" data-element_type=\"widget\" data-widget_type=\"heading.default\">\n\t\t\t\t<div class=\"elementor-widget-container\">\n\t\t\t<h1 class=\"elementor-heading-title elementor-size-default\">Noise Barrier Panels<\/h1>\t\t<\/div>\n\t\t\t\t<\/div>\n\t\t<div class=\"elementor-element elementor-element-1b10270 e-con-full e-flex e-con e-child\" data-id=\"1b10270\" data-element_type=\"container\">\n\t\t<div class=\"elementor-element elementor-element-ac1b0b9 e-con-full e-flex e-con e-child\" data-id=\"ac1b0b9\" data-element_type=\"container\">\n\t\t\t\t<div class=\"elementor-element elementor-element-4776d1e elementor-widget__width-initial elementor-widget elementor-widget-button\" data-id=\"4776d1e\" data-element_type=\"widget\" data-widget_type=\"button.default\">\n\t\t\t\t<div class=\"elementor-widget-container\">\n\t\t\t\t\t\t\t<div class=\"elementor-button-wrapper\">\n\t\t\t\t\t<a class=\"elementor-button elementor-button-link elementor-size-sm\" href=\"#offer\">\n\t\t\t\t\t\t<span class=\"elementor-button-content-wrapper\">\n\t\t\t\t\t\t\t\t\t<span class=\"elementor-button-text\">Offer<\/span>\n\t\t\t\t\t<\/span>\n\t\t\t\t\t<\/a>\n\t\t\t\t<\/div>\n\t\t\t\t\t\t<\/div>\n\t\t\t\t<\/div>\n\t\t\t\t<div class=\"elementor-element elementor-element-0271f5d elementor-widget__width-auto elementor-widget elementor-widget-button\" data-id=\"0271f5d\" data-element_type=\"widget\" data-widget_type=\"button.default\">\n\t\t\t\t<div class=\"elementor-widget-container\">\n\t\t\t\t\t\t\t<div class=\"elementor-button-wrapper\">\n\t\t\t\t\t<a class=\"elementor-button elementor-button-link elementor-size-sm\" href=\"http:\/\/milmiro.me\/en\/contact\/\">\n\t\t\t\t\t\t<span class=\"elementor-button-content-wrapper\">\n\t\t\t\t\t\t\t\t\t<span class=\"elementor-button-text\">Contact<\/span>\n\t\t\t\t\t<\/span>\n\t\t\t\t\t<\/a>\n\t\t\t\t<\/div>\n\t\t\t\t\t\t<\/div>\n\t\t\t\t<\/div>\n\t\t\t\t<\/div>\n\t\t\t\t<\/div>\n\t\t\t\t<\/div>\n\t\t\t\t\t<\/div>\n\t\t\t\t<\/div>\n\t\t<div class=\"elementor-element elementor-element-181f181 e-flex e-con-boxed e-con e-parent\" data-id=\"181f181\" data-element_type=\"container\" id=\"offer\" data-settings=\"{&quot;background_background&quot;:&quot;classic&quot;}\">\n\t\t\t\t\t<div class=\"e-con-inner\">\n\t\t\t\t<div class=\"elementor-element elementor-element-2ed4144 elementor-widget elementor-widget-heading\" data-id=\"2ed4144\" data-element_type=\"widget\" data-widget_type=\"heading.default\">\n\t\t\t\t<div class=\"elementor-widget-container\">\n\t\t\t<h2 class=\"elementor-heading-title elementor-size-default\">Our offer<\/h2>\t\t<\/div>\n\t\t\t\t<\/div>\n\t\t\t\t\t<\/div>\n\t\t\t\t<\/div>\n\t\t<div class=\"elementor-element elementor-element-668a543 e-flex e-con-boxed e-con e-parent\" data-id=\"668a543\" data-element_type=\"container\" data-settings=\"{&quot;background_background&quot;:&quot;classic&quot;}\">\n\t\t\t\t\t<div class=\"e-con-inner\">\n\t\t\t\t<div class=\"elementor-element elementor-element-71b2f08 elementor-widget__width-initial elementor-widget elementor-widget-text-editor\" data-id=\"71b2f08\" data-element_type=\"widget\" data-widget_type=\"text-editor.default\">\n\t\t\t\t<div class=\"elementor-widget-container\">\n\t\t\t\t\t\t\t<p>Acoustic noise barriers are key elements of urban planning, providing noise reduction and improving the quality of life in densely populated areas. Their high-quality construction and innovative design ensure efficient sound absorption, reducing noise from traffic, industry, or other sources. These panels not only protect residents from the harmful effects of noise but also contribute to the aesthetics of the environment, integrating into the urban landscape in a subtle and attractive manner. Furthermore, their customizable design allows for flexible installation, adapting to the specific needs and requirements of each area. With noise barrier panels, we create a quieter and more pleasant environment for everyone.<\/p>\t\t\t\t\t\t<\/div>\n\t\t\t\t<\/div>\n\t\t\t\t\t<\/div>\n\t\t\t\t<\/div>\n\t\t<div class=\"elementor-element elementor-element-abd51be e-flex e-con-boxed e-con e-parent\" data-id=\"abd51be\" data-element_type=\"container\">\n\t\t\t\t\t<div class=\"e-con-inner\">\n\t\t\t\t<div class=\"elementor-element elementor-element-7264ade elementor-widget elementor-widget-image\" data-id=\"7264ade\" data-element_type=\"widget\" data-widget_type=\"image.default\">\n\t\t\t\t<div class=\"elementor-widget-container\">\n\t\t\t\t\t\t\t\t\t\t\t\t\t<img fetchpriority=\"high\" decoding=\"async\" width=\"768\" height=\"403\" src=\"https:\/\/milmiro.me\/wp-content\/uploads\/2024\/04\/sound_barrier2-768x403.jpeg\" class=\"attachment-medium_large size-medium_large wp-image-1387\" alt=\"\" srcset=\"https:\/\/milmiro.me\/wp-content\/uploads\/2024\/04\/sound_barrier2-768x403.jpeg 768w, https:\/\/milmiro.me\/wp-content\/uploads\/2024\/04\/sound_barrier2-300x158.jpeg 300w, https:\/\/milmiro.me\/wp-content\/uploads\/2024\/04\/sound_barrier2.jpeg 800w\" sizes=\"(max-width: 768px) 100vw, 768px\" \/>\t\t\t\t\t\t\t\t\t\t\t\t\t<\/div>\n\t\t\t\t<\/div>\n\t\t\t\t\t<\/div>\n\t\t\t\t<\/div>\n\t\t<div class=\"elementor-element elementor-element-24d48ff e-flex e-con-boxed e-con e-parent\" data-id=\"24d48ff\" data-element_type=\"container\">\n\t\t\t\t\t<div class=\"e-con-inner\">\n\t\t\t\t<div class=\"elementor-element elementor-element-972ab1d elementor-widget elementor-widget-button\" data-id=\"972ab1d\" data-element_type=\"widget\" data-widget_type=\"button.default\">\n\t\t\t\t<div class=\"elementor-widget-container\">\n\t\t\t\t\t\t\t<div class=\"elementor-button-wrapper\">\n\t\t\t\t\t<a class=\"elementor-button elementor-button-link elementor-size-sm\" href=\"http:\/\/milmiro.me\/en\/contact\/\">\n\t\t\t\t\t\t<span class=\"elementor-button-content-wrapper\">\n\t\t\t\t\t\t\t\t\t<span class=\"elementor-button-text\">Contact us<\/span>\n\t\t\t\t\t<\/span>\n\t\t\t\t\t<\/a>\n\t\t\t\t<\/div>\n\t\t\t\t\t\t<\/div>\n\t\t\t\t<\/div>\n\t\t\t\t\t<\/div>\n\t\t\t\t<\/div>\n\t\t\t\t<\/div>","protected":false},"excerpt":{"rendered":"<p>Paneli za za\u0161titu od buke Ponuda Kontakt Na\u0161a ponuda Paneli za za\u0161titu od buke su klju\u010dni elementi urbanog planiranja, obezbe\u0111ujuc\u0301i smanjenje buke i pobolj\u0161anje kvaliteta \u017eivota u gusto naseljenim podru\u010djima. Njihova visokokvalitetna izrada i inovativni dizajn obezbe\u0111uju efikasnu apsorpciju zvuka, smanjujuc\u0301i buku iz saobrac\u0301aja, industrije ili drugih izvora. Ovi paneli ne samo da \u0161tite stanovnike [&hellip;]<\/p>","protected":false},"author":1,"featured_media":0,"parent":0,"menu_order":0,"comment_status":"closed","ping_status":"closed","template":"","meta":{"site-sidebar-layout":"no-sidebar","site-content-layout":"page-builder","ast-site-content-layout":"full-width-container","site-content-style":"unboxed","site-sidebar-style":"unboxed","ast-global-header-display":"","ast-banner-title-visibility":"","ast-main-header-display":"","ast-hfb-above-header-display":"","ast-hfb-below-header-display":"","ast-hfb-mobile-header-display":"","site-post-title":"disabled","ast-breadcrumbs-content":"","ast-featured-img":"disabled","footer-sml-layout":"","theme-transparent-header-meta":"","adv-header-id-meta":"","stick-header-meta":"","header-above-stick-meta":"","header-main-stick-meta":"","header-below-stick-meta":"","astra-migrate-meta-layouts":"set","ast-page-background-enabled":"default","ast-page-background-meta":{"desktop":{"background-color":"var(--ast-global-color-4)","background-image":"","background-repeat":"repeat","background-position":"center center","background-size":"auto","background-attachment":"scroll","background-type":"","background-media":"","overlay-type":"","overlay-color":"","overlay-gradient":""},"tablet":{"background-color":"","background-image":"","background-repeat":"repeat","background-position":"center center","background-size":"auto","background-attachment":"scroll","background-type":"","background-media":"","overlay-type":"","overlay-color":"","overlay-gradient":""},"mobile":{"background-color":"","background-image":"","background-repeat":"repeat","background-position":"center center","background-size":"auto","background-attachment":"scroll","background-type":"","background-media":"","overlay-type":"","overlay-color":"","overlay-gradient":""}},"ast-content-background-meta":{"desktop":{"background-color":"var(--ast-global-color-5)","background-image":"","background-repeat":"repeat","background-position":"center center","background-size":"auto","background-attachment":"scroll","background-type":"","background-media":"","overlay-type":"","overlay-color":"","overlay-gradient":""},"tablet":{"background-color":"var(--ast-global-color-5)","background-image":"","background-repeat":"repeat","background-position":"center center","background-size":"auto","background-attachment":"scroll","background-type":"","background-media":"","overlay-type":"","overlay-color":"","overlay-gradient":""},"mobile":{"background-color":"var(--ast-global-color-5)","background-image":"","background-repeat":"repeat","background-position":"center center","background-size":"auto","background-attachment":"scroll","background-type":"","background-media":"","overlay-type":"","overlay-color":"","overlay-gradient":""}},"footnotes":""},"yoast_head":"<!-- This site is optimized with the Yoast SEO plugin v23.0 - https:\/\/yoast.com\/wordpress\/plugins\/seo\/ -->\n<title>Paneli za za\u0161titu od buke - MIL-MIRO<\/title>\n<meta name=\"description\" content=\"U okviru na\u0161e ponude dostupni su paneli za za\u0161titu od buke. Pored toga, prilago\u0111eni dizajn omoguc\u0301ava fleksibilnu instalaciju, prilago\u0111avajuc\u0301i se specifi\u010dnim potrebama i zahtevima svake oblasti.\" \/>\n<meta name=\"robots\" content=\"index, follow, max-snippet:-1, max-image-preview:large, max-video-preview:-1\" \/>\n<link rel=\"canonical\" href=\"https:\/\/milmiro.me\/en\/panels-for-noise-protection\/\" \/>\n<meta property=\"og:locale\" content=\"en_US\" \/>\n<meta property=\"og:type\" content=\"article\" \/>\n<meta property=\"og:title\" content=\"Paneli za za\u0161titu od buke - MIL-MIRO\" \/>\n<meta property=\"og:description\" content=\"U okviru na\u0161e ponude dostupni su paneli za za\u0161titu od buke. Pored toga, prilago\u0111eni dizajn omoguc\u0301ava fleksibilnu instalaciju, prilago\u0111avajuc\u0301i se specifi\u010dnim potrebama i zahtevima svake oblasti.\" \/>\n<meta property=\"og:url\" content=\"https:\/\/milmiro.me\/en\/panels-for-noise-protection\/\" \/>\n<meta property=\"og:site_name\" content=\"MIL-MIRO\" \/>\n<meta property=\"article:modified_time\" content=\"2024-04-10T09:18:38+00:00\" \/>\n<meta property=\"og:image\" content=\"https:\/\/milmiro.me\/wp-content\/uploads\/2024\/04\/sound_barrier2-768x403.jpeg\" \/>\n<meta name=\"twitter:card\" content=\"summary_large_image\" \/>\n<meta name=\"twitter:label1\" content=\"Est. reading time\" \/>\n\t<meta name=\"twitter:data1\" content=\"1 minute\" \/>\n<script type=\"application\/ld+json\" class=\"yoast-schema-graph\">{\"@context\":\"https:\/\/schema.org\",\"@graph\":[{\"@type\":\"WebPage\",\"@id\":\"https:\/\/milmiro.me\/paneli-za-zastitu-od-buke\/\",\"url\":\"https:\/\/milmiro.me\/paneli-za-zastitu-od-buke\/\",\"name\":\"Paneli za za\u0161titu od buke - MIL-MIRO\",\"isPartOf\":{\"@id\":\"https:\/\/milmiro.me\/#website\"},\"primaryImageOfPage\":{\"@id\":\"https:\/\/milmiro.me\/paneli-za-zastitu-od-buke\/#primaryimage\"},\"image\":{\"@id\":\"https:\/\/milmiro.me\/paneli-za-zastitu-od-buke\/#primaryimage\"},\"thumbnailUrl\":\"https:\/\/milmiro.me\/wp-content\/uploads\/2024\/04\/sound_barrier2-768x403.jpeg\",\"datePublished\":\"2024-04-08T17:40:48+00:00\",\"dateModified\":\"2024-04-10T09:18:38+00:00\",\"description\":\"U okviru na\u0161e ponude dostupni su paneli za za\u0161titu od buke. Pored toga, prilago\u0111eni dizajn omoguc\u0301ava fleksibilnu instalaciju, prilago\u0111avajuc\u0301i se specifi\u010dnim potrebama i zahtevima svake oblasti.\",\"breadcrumb\":{\"@id\":\"https:\/\/milmiro.me\/paneli-za-zastitu-od-buke\/#breadcrumb\"},\"inLanguage\":\"en-US\",\"potentialAction\":[{\"@type\":\"ReadAction\",\"target\":[\"https:\/\/milmiro.me\/paneli-za-zastitu-od-buke\/\"]}]},{\"@type\":\"ImageObject\",\"inLanguage\":\"en-US\",\"@id\":\"https:\/\/milmiro.me\/paneli-za-zastitu-od-buke\/#primaryimage\",\"url\":\"https:\/\/milmiro.me\/wp-content\/uploads\/2024\/04\/sound_barrier2-768x403.jpeg\",\"contentUrl\":\"https:\/\/milmiro.me\/wp-content\/uploads\/2024\/04\/sound_barrier2-768x403.jpeg\"},{\"@type\":\"BreadcrumbList\",\"@id\":\"https:\/\/milmiro.me\/paneli-za-zastitu-od-buke\/#breadcrumb\",\"itemListElement\":[{\"@type\":\"ListItem\",\"position\":1,\"name\":\"Home\",\"item\":\"https:\/\/milmiro.me\/\"},{\"@type\":\"ListItem\",\"position\":2,\"name\":\"Paneli za za\u0161titu od buke\"}]},{\"@type\":\"WebSite\",\"@id\":\"https:\/\/milmiro.me\/#website\",\"url\":\"https:\/\/milmiro.me\/\",\"name\":\"MIL-MIRO\",\"description\":\"\",\"publisher\":{\"@id\":\"https:\/\/milmiro.me\/#organization\"},\"potentialAction\":[{\"@type\":\"SearchAction\",\"target\":{\"@type\":\"EntryPoint\",\"urlTemplate\":\"https:\/\/milmiro.me\/?s={search_term_string}\"},\"query-input\":\"required name=search_term_string\"}],\"inLanguage\":\"en-US\"},{\"@type\":\"Organization\",\"@id\":\"https:\/\/milmiro.me\/#organization\",\"name\":\"MIL-MIRO\",\"url\":\"https:\/\/milmiro.me\/\",\"logo\":{\"@type\":\"ImageObject\",\"inLanguage\":\"en-US\",\"@id\":\"https:\/\/milmiro.me\/#\/schema\/logo\/image\/\",\"url\":\"https:\/\/milmiro.me\/wp-content\/uploads\/2024\/04\/MIL-MIRO.png\",\"contentUrl\":\"https:\/\/milmiro.me\/wp-content\/uploads\/2024\/04\/MIL-MIRO.png\",\"width\":709,\"height\":326,\"caption\":\"MIL-MIRO\"},\"image\":{\"@id\":\"https:\/\/milmiro.me\/#\/schema\/logo\/image\/\"}}]}<\/script>\n<!-- \/ Yoast SEO plugin. -->","yoast_head_json":{"title":"Paneli za za\u0161titu od buke - MIL-MIRO","description":"U okviru na\u0161e ponude dostupni su paneli za za\u0161titu od buke. Pored toga, prilago\u0111eni dizajn omoguc\u0301ava fleksibilnu instalaciju, prilago\u0111avajuc\u0301i se specifi\u010dnim potrebama i zahtevima svake oblasti.","robots":{"index":"index","follow":"follow","max-snippet":"max-snippet:-1","max-image-preview":"max-image-preview:large","max-video-preview":"max-video-preview:-1"},"canonical":"https:\/\/milmiro.me\/en\/panels-for-noise-protection\/","og_locale":"en_US","og_type":"article","og_title":"Paneli za za\u0161titu od buke - MIL-MIRO","og_description":"U okviru na\u0161e ponude dostupni su paneli za za\u0161titu od buke. Pored toga, prilago\u0111eni dizajn omoguc\u0301ava fleksibilnu instalaciju, prilago\u0111avajuc\u0301i se specifi\u010dnim potrebama i zahtevima svake oblasti.","og_url":"https:\/\/milmiro.me\/en\/panels-for-noise-protection\/","og_site_name":"MIL-MIRO","article_modified_time":"2024-04-10T09:18:38+00:00","og_image":[{"url":"https:\/\/milmiro.me\/wp-content\/uploads\/2024\/04\/sound_barrier2-768x403.jpeg"}],"twitter_card":"summary_large_image","twitter_misc":{"Est. reading time":"1 minute"},"schema":{"@context":"https:\/\/schema.org","@graph":[{"@type":"WebPage","@id":"https:\/\/milmiro.me\/paneli-za-zastitu-od-buke\/","url":"https:\/\/milmiro.me\/paneli-za-zastitu-od-buke\/","name":"Paneli za za\u0161titu od buke - MIL-MIRO","isPartOf":{"@id":"https:\/\/milmiro.me\/#website"},"primaryImageOfPage":{"@id":"https:\/\/milmiro.me\/paneli-za-zastitu-od-buke\/#primaryimage"},"image":{"@id":"https:\/\/milmiro.me\/paneli-za-zastitu-od-buke\/#primaryimage"},"thumbnailUrl":"https:\/\/milmiro.me\/wp-content\/uploads\/2024\/04\/sound_barrier2-768x403.jpeg","datePublished":"2024-04-08T17:40:48+00:00","dateModified":"2024-04-10T09:18:38+00:00","description":"U okviru na\u0161e ponude dostupni su paneli za za\u0161titu od buke. Pored toga, prilago\u0111eni dizajn omoguc\u0301ava fleksibilnu instalaciju, prilago\u0111avajuc\u0301i se specifi\u010dnim potrebama i zahtevima svake oblasti.","breadcrumb":{"@id":"https:\/\/milmiro.me\/paneli-za-zastitu-od-buke\/#breadcrumb"},"inLanguage":"en-US","potentialAction":[{"@type":"ReadAction","target":["https:\/\/milmiro.me\/paneli-za-zastitu-od-buke\/"]}]},{"@type":"ImageObject","inLanguage":"en-US","@id":"https:\/\/milmiro.me\/paneli-za-zastitu-od-buke\/#primaryimage","url":"https:\/\/milmiro.me\/wp-content\/uploads\/2024\/04\/sound_barrier2-768x403.jpeg","contentUrl":"https:\/\/milmiro.me\/wp-content\/uploads\/2024\/04\/sound_barrier2-768x403.jpeg"},{"@type":"BreadcrumbList","@id":"https:\/\/milmiro.me\/paneli-za-zastitu-od-buke\/#breadcrumb","itemListElement":[{"@type":"ListItem","position":1,"name":"Home","item":"https:\/\/milmiro.me\/"},{"@type":"ListItem","position":2,"name":"Paneli za za\u0161titu od buke"}]},{"@type":"WebSite","@id":"https:\/\/milmiro.me\/#website","url":"https:\/\/milmiro.me\/","name":"MIL-MIRO","description":"","publisher":{"@id":"https:\/\/milmiro.me\/#organization"},"potentialAction":[{"@type":"SearchAction","target":{"@type":"EntryPoint","urlTemplate":"https:\/\/milmiro.me\/?s={search_term_string}"},"query-input":"required name=search_term_string"}],"inLanguage":"en-US"},{"@type":"Organization","@id":"https:\/\/milmiro.me\/#organization","name":"MIL-MIRO","url":"https:\/\/milmiro.me\/","logo":{"@type":"ImageObject","inLanguage":"en-US","@id":"https:\/\/milmiro.me\/#\/schema\/logo\/image\/","url":"https:\/\/milmiro.me\/wp-content\/uploads\/2024\/04\/MIL-MIRO.png","contentUrl":"https:\/\/milmiro.me\/wp-content\/uploads\/2024\/04\/MIL-MIRO.png","width":709,"height":326,"caption":"MIL-MIRO"},"image":{"@id":"https:\/\/milmiro.me\/#\/schema\/logo\/image\/"}}]}},"_links":{"self":[{"href":"https:\/\/milmiro.me\/en\/wp-json\/wp\/v2\/pages\/1321"}],"collection":[{"href":"https:\/\/milmiro.me\/en\/wp-json\/wp\/v2\/pages"}],"about":[{"href":"https:\/\/milmiro.me\/en\/wp-json\/wp\/v2\/types\/page"}],"author":[{"embeddable":true,"href":"https:\/\/milmiro.me\/en\/wp-json\/wp\/v2\/users\/1"}],"replies":[{"embeddable":true,"href":"https:\/\/milmiro.me\/en\/wp-json\/wp\/v2\/comments?post=1321"}],"version-history":[{"count":8,"href":"https:\/\/milmiro.me\/en\/wp-json\/wp\/v2\/pages\/1321\/revisions"}],"predecessor-version":[{"id":1454,"href":"https:\/\/milmiro.me\/en\/wp-json\/wp\/v2\/pages\/1321\/revisions\/1454"}],"wp:attachment":[{"href":"https:\/\/milmiro.me\/en\/wp-json\/wp\/v2\/media?parent=1321"}],"curies":[{"name":"wp","href":"https:\/\/api.w.org\/{rel}","templated":true}]}}