{"id":977,"date":"2024-03-26T13:20:58","date_gmt":"2024-03-26T13:20:58","guid":{"rendered":"https:\/\/milmiro.me\/?page_id=977"},"modified":"2024-05-10T10:35:51","modified_gmt":"2024-05-10T09:35:51","slug":"zimsko-odrzavanje-puteva","status":"publish","type":"page","link":"https:\/\/milmiro.me\/en\/winter-road-maintanance\/","title":{"rendered":"Winter Road Maintenance"},"content":{"rendered":"<div data-elementor-type=\"wp-page\" data-elementor-id=\"977\" class=\"elementor elementor-977\">\n\t\t\t\t<div class=\"elementor-element elementor-element-5a286d4 e-flex e-con-boxed e-con e-parent\" data-id=\"5a286d4\" data-element_type=\"container\" data-settings=\"{&quot;background_background&quot;:&quot;classic&quot;}\">\n\t\t\t\t\t<div class=\"e-con-inner\">\n\t\t<div class=\"elementor-element elementor-element-d42c5c9 e-con-full e-flex e-con e-child\" data-id=\"d42c5c9\" data-element_type=\"container\">\n\t\t\t\t<div class=\"elementor-element elementor-element-0d10c6d elementor-widget elementor-widget-heading\" data-id=\"0d10c6d\" data-element_type=\"widget\" data-widget_type=\"heading.default\">\n\t\t\t\t<div class=\"elementor-widget-container\">\n\t\t\t<h1 class=\"elementor-heading-title elementor-size-default\">Winter Road Maintenance<\/h1>\t\t<\/div>\n\t\t\t\t<\/div>\n\t\t<div class=\"elementor-element elementor-element-bcd5b00 e-con-full e-flex e-con e-child\" data-id=\"bcd5b00\" data-element_type=\"container\">\n\t\t<div class=\"elementor-element elementor-element-21fb1f2 e-con-full e-flex e-con e-child\" data-id=\"21fb1f2\" data-element_type=\"container\">\n\t\t\t\t<div class=\"elementor-element elementor-element-a33fbe7 elementor-widget__width-initial elementor-widget elementor-widget-button\" data-id=\"a33fbe7\" data-element_type=\"widget\" data-widget_type=\"button.default\">\n\t\t\t\t<div class=\"elementor-widget-container\">\n\t\t\t\t\t\t\t<div class=\"elementor-button-wrapper\">\n\t\t\t\t\t<a class=\"elementor-button elementor-button-link elementor-size-sm\" href=\"#offer\">\n\t\t\t\t\t\t<span class=\"elementor-button-content-wrapper\">\n\t\t\t\t\t\t\t\t\t<span class=\"elementor-button-text\">Offer<\/span>\n\t\t\t\t\t<\/span>\n\t\t\t\t\t<\/a>\n\t\t\t\t<\/div>\n\t\t\t\t\t\t<\/div>\n\t\t\t\t<\/div>\n\t\t\t\t<div class=\"elementor-element elementor-element-c9437c9 elementor-widget__width-auto elementor-widget elementor-widget-button\" data-id=\"c9437c9\" data-element_type=\"widget\" data-widget_type=\"button.default\">\n\t\t\t\t<div class=\"elementor-widget-container\">\n\t\t\t\t\t\t\t<div class=\"elementor-button-wrapper\">\n\t\t\t\t\t<a class=\"elementor-button elementor-button-link elementor-size-sm\" href=\"http:\/\/milmiro.me\/en\/contact\/\">\n\t\t\t\t\t\t<span class=\"elementor-button-content-wrapper\">\n\t\t\t\t\t\t\t\t\t<span class=\"elementor-button-text\">Contact<\/span>\n\t\t\t\t\t<\/span>\n\t\t\t\t\t<\/a>\n\t\t\t\t<\/div>\n\t\t\t\t\t\t<\/div>\n\t\t\t\t<\/div>\n\t\t\t\t<\/div>\n\t\t\t\t<\/div>\n\t\t\t\t<\/div>\n\t\t\t\t\t<\/div>\n\t\t\t\t<\/div>\n\t\t<div class=\"elementor-element elementor-element-6170c14 e-flex e-con-boxed e-con e-parent\" data-id=\"6170c14\" data-element_type=\"container\" data-settings=\"{&quot;background_background&quot;:&quot;classic&quot;}\">\n\t\t\t\t\t<div class=\"e-con-inner\">\n\t\t\t\t<div class=\"elementor-element elementor-element-c6e2ec8 elementor-widget elementor-widget-heading\" data-id=\"c6e2ec8\" data-element_type=\"widget\" id=\"offer\" data-widget_type=\"heading.default\">\n\t\t\t\t<div class=\"elementor-widget-container\">\n\t\t\t<h2 class=\"elementor-heading-title elementor-size-default\">Our offer<\/h2>\t\t<\/div>\n\t\t\t\t<\/div>\n\t\t\t\t\t<\/div>\n\t\t\t\t<\/div>\n\t\t<div class=\"elementor-element elementor-element-ffbef13 e-flex e-con-boxed e-con e-parent\" data-id=\"ffbef13\" data-element_type=\"container\" data-settings=\"{&quot;background_background&quot;:&quot;classic&quot;}\">\n\t\t\t\t\t<div class=\"e-con-inner\">\n\t\t\t\t<div class=\"elementor-element elementor-element-ef1dba6 elementor-widget elementor-widget-text-editor\" data-id=\"ef1dba6\" data-element_type=\"widget\" data-widget_type=\"text-editor.default\">\n\t\t\t\t<div class=\"elementor-widget-container\">\n\t\t\t\t\t\t\t<p>Winter road maintenance is crucial for traffic safety and preventing accidents during cold and snowy periods. The use of appropriate materials is key as it enables quick and efficient removal of snow and ice from roads, ensuring better traction and reducing the risk of slipping and accidents. Adequate materials also help preserve roads and infrastructure, preventing damage that can occur due to extreme weather conditions. Therefore, using the right materials for winter road maintenance plays a crucial role in preserving the safety and functionality of the transportation network.<\/p>\t\t\t\t\t\t<\/div>\n\t\t\t\t<\/div>\n\t\t<div class=\"elementor-element elementor-element-c7d0088 e-flex e-con-boxed e-con e-child\" data-id=\"c7d0088\" data-element_type=\"container\">\n\t\t\t\t\t<div class=\"e-con-inner\">\n\t\t\t\t<div class=\"elementor-element elementor-element-0b7a3f0 elementor-widget elementor-widget-heading\" data-id=\"0b7a3f0\" data-element_type=\"widget\" data-widget_type=\"heading.default\">\n\t\t\t\t<div class=\"elementor-widget-container\">\n\t\t\t<h3 class=\"elementor-heading-title elementor-size-default\">Salt for road spreading.<\/h3>\t\t<\/div>\n\t\t\t\t<\/div>\n\t\t\t\t<div class=\"elementor-element elementor-element-8362e5b elementor-widget elementor-widget-text-editor\" data-id=\"8362e5b\" data-element_type=\"widget\" data-widget_type=\"text-editor.default\">\n\t\t\t\t<div class=\"elementor-widget-container\">\n\t\t\t\t\t\t\t<p>Road salt is a chemical compound used for melting snow and ice on roads during winter months to maintain road accessibility and traffic safety. The most commonly used road salt is sodium chloride (NaCl), also known as table salt or rock salt. When spread on road surfaces, salt attracts moisture from the environment and creates a solution that lowers the freezing point of water, allowing ice and snow to melt and facilitating road clearance.\u00a0<\/p><p>In our offer, we have available:<\/p><ul><li>Bulk road salt<\/li><li>A 1000kg bag<\/li><li>A 25kg bag<\/li><li>A 50kg bag<\/li><\/ul>\t\t\t\t\t\t<\/div>\n\t\t\t\t<\/div>\n\t\t\t\t\t<\/div>\n\t\t\t\t<\/div>\n\t\t\t\t<div class=\"elementor-element elementor-element-d9d6bad elementor-widget elementor-widget-image\" data-id=\"d9d6bad\" data-element_type=\"widget\" data-widget_type=\"image.default\">\n\t\t\t\t<div class=\"elementor-widget-container\">\n\t\t\t\t\t\t\t\t\t\t\t\t\t<img fetchpriority=\"high\" decoding=\"async\" width=\"612\" height=\"408\" src=\"https:\/\/milmiro.me\/wp-content\/uploads\/2024\/03\/winterRoad.jpeg\" class=\"attachment-large size-large wp-image-989\" alt=\"\" srcset=\"https:\/\/milmiro.me\/wp-content\/uploads\/2024\/03\/winterRoad.jpeg 612w, https:\/\/milmiro.me\/wp-content\/uploads\/2024\/03\/winterRoad-300x200.jpeg 300w\" sizes=\"(max-width: 612px) 100vw, 612px\" \/>\t\t\t\t\t\t\t\t\t\t\t\t\t<\/div>\n\t\t\t\t<\/div>\n\t\t<div class=\"elementor-element elementor-element-4f0dfe9 e-flex e-con-boxed e-con e-child\" data-id=\"4f0dfe9\" data-element_type=\"container\">\n\t\t\t\t\t<div class=\"e-con-inner\">\n\t\t\t\t<div class=\"elementor-element elementor-element-83d4f95 elementor-widget elementor-widget-heading\" data-id=\"83d4f95\" data-element_type=\"widget\" data-widget_type=\"heading.default\">\n\t\t\t\t<div class=\"elementor-widget-container\">\n\t\t\t<h3 class=\"elementor-heading-title elementor-size-default\">Calcium chloride<\/h3>\t\t<\/div>\n\t\t\t\t<\/div>\n\t\t\t\t<div class=\"elementor-element elementor-element-ef81ce4 elementor-widget elementor-widget-text-editor\" data-id=\"ef81ce4\" data-element_type=\"widget\" data-widget_type=\"text-editor.default\">\n\t\t\t\t<div class=\"elementor-widget-container\">\n\t\t\t\t\t\t\t<p>Calcium chloride is also used as a snow and ice melting agent on roads, similar to sodium chloride. By using calcium chloride for snow and ice melting, roads can remain passable even during severe winter conditions, significantly enhancing traffic safety and reducing the risk of accidents.<\/p><p>In our offer, we have available:<\/p><ul><li>A 25kg bag<\/li><li>A 50kg bag<\/li><\/ul>\t\t\t\t\t\t<\/div>\n\t\t\t\t<\/div>\n\t\t\t\t<div class=\"elementor-element elementor-element-92b2409 elementor-widget elementor-widget-image\" data-id=\"92b2409\" data-element_type=\"widget\" data-widget_type=\"image.default\">\n\t\t\t\t<div class=\"elementor-widget-container\">\n\t\t\t\t\t\t\t\t\t\t\t\t\t<img decoding=\"async\" width=\"612\" height=\"356\" src=\"https:\/\/milmiro.me\/wp-content\/uploads\/2024\/03\/winter2.jpeg\" class=\"attachment-large size-large wp-image-1007\" alt=\"\" srcset=\"https:\/\/milmiro.me\/wp-content\/uploads\/2024\/03\/winter2.jpeg 612w, https:\/\/milmiro.me\/wp-content\/uploads\/2024\/03\/winter2-300x175.jpeg 300w\" sizes=\"(max-width: 612px) 100vw, 612px\" \/>\t\t\t\t\t\t\t\t\t\t\t\t\t<\/div>\n\t\t\t\t<\/div>\n\t\t\t\t<div class=\"elementor-element elementor-element-1fde7d3 elementor-widget elementor-widget-button\" data-id=\"1fde7d3\" data-element_type=\"widget\" data-widget_type=\"button.default\">\n\t\t\t\t<div class=\"elementor-widget-container\">\n\t\t\t\t\t\t\t<div class=\"elementor-button-wrapper\">\n\t\t\t\t\t<a class=\"elementor-button elementor-button-link elementor-size-sm\" href=\"http:\/\/milmiro.me\/en\/contact\/\">\n\t\t\t\t\t\t<span class=\"elementor-button-content-wrapper\">\n\t\t\t\t\t\t\t\t\t<span class=\"elementor-button-text\">Contact us<\/span>\n\t\t\t\t\t<\/span>\n\t\t\t\t\t<\/a>\n\t\t\t\t<\/div>\n\t\t\t\t\t\t<\/div>\n\t\t\t\t<\/div>\n\t\t\t\t\t<\/div>\n\t\t\t\t<\/div>\n\t\t\t\t\t<\/div>\n\t\t\t\t<\/div>\n\t\t\t\t<\/div>","protected":false},"excerpt":{"rendered":"<p>Zimsko odr\u017eavanje puteva Ponuda Kontakt Na\u0161a ponuda Zimsko odr\u017eavanje puteva je od vitalnog zna\u010daja za sigurnost saobra\u0107aja i spre\u010davanje saobra\u0107ajnih nesre\u0107a tokom hladnih i sne\u017enih perioda. Kori\u0161\u0107enje adekvatnog materijala je klju\u010dno jer omogu\u0107ava brzo i efikasno uklanjanje snega i leda sa puteva, \u010dime se obezbe\u0111uje bolja prohodnost i manji rizik od klizanja i nezgoda. Adekvatan [&hellip;]<\/p>","protected":false},"author":1,"featured_media":0,"parent":0,"menu_order":0,"comment_status":"closed","ping_status":"closed","template":"","meta":{"site-sidebar-layout":"no-sidebar","site-content-layout":"page-builder","ast-site-content-layout":"full-width-container","site-content-style":"unboxed","site-sidebar-style":"unboxed","ast-global-header-display":"","ast-banner-title-visibility":"","ast-main-header-display":"","ast-hfb-above-header-display":"","ast-hfb-below-header-display":"","ast-hfb-mobile-header-display":"","site-post-title":"disabled","ast-breadcrumbs-content":"","ast-featured-img":"disabled","footer-sml-layout":"","theme-transparent-header-meta":"","adv-header-id-meta":"","stick-header-meta":"","header-above-stick-meta":"","header-main-stick-meta":"","header-below-stick-meta":"","astra-migrate-meta-layouts":"set","ast-page-background-enabled":"default","ast-page-background-meta":{"desktop":{"background-color":"var(--ast-global-color-4)","background-image":"","background-repeat":"repeat","background-position":"center center","background-size":"auto","background-attachment":"scroll","background-type":"","background-media":"","overlay-type":"","overlay-color":"","overlay-gradient":""},"tablet":{"background-color":"","background-image":"","background-repeat":"repeat","background-position":"center center","background-size":"auto","background-attachment":"scroll","background-type":"","background-media":"","overlay-type":"","overlay-color":"","overlay-gradient":""},"mobile":{"background-color":"","background-image":"","background-repeat":"repeat","background-position":"center center","background-size":"auto","background-attachment":"scroll","background-type":"","background-media":"","overlay-type":"","overlay-color":"","overlay-gradient":""}},"ast-content-background-meta":{"desktop":{"background-color":"var(--ast-global-color-5)","background-image":"","background-repeat":"repeat","background-position":"center center","background-size":"auto","background-attachment":"scroll","background-type":"","background-media":"","overlay-type":"","overlay-color":"","overlay-gradient":""},"tablet":{"background-color":"var(--ast-global-color-5)","background-image":"","background-repeat":"repeat","background-position":"center center","background-size":"auto","background-attachment":"scroll","background-type":"","background-media":"","overlay-type":"","overlay-color":"","overlay-gradient":""},"mobile":{"background-color":"var(--ast-global-color-5)","background-image":"","background-repeat":"repeat","background-position":"center center","background-size":"auto","background-attachment":"scroll","background-type":"","background-media":"","overlay-type":"","overlay-color":"","overlay-gradient":""}},"footnotes":""},"yoast_head":"<!-- This site is optimized with the Yoast SEO plugin v23.0 - https:\/\/yoast.com\/wordpress\/plugins\/seo\/ -->\n<title>Zimsko odr\u017eavanje puteva - MIL-MIRO<\/title>\n<meta name=\"description\" content=\"Osigurajte bezbednost saobra\u0107aja tokom zimskih perioda sa MIL-MIRO proizvodima za zimsko odr\u017eavanje puteva. Posetite nas ili kontaktirajte i prona\u0111ite adekvatan materijal za odr\u017eavanje puteva koji \u0107e o\u010duvati bezbednost i funkcionalnost saobra\u0107ajne mre\u017ee tokom zimskih meseci.\" \/>\n<meta name=\"robots\" content=\"index, follow, max-snippet:-1, max-image-preview:large, max-video-preview:-1\" \/>\n<link rel=\"canonical\" href=\"https:\/\/milmiro.me\/en\/winter-road-maintanance\/\" \/>\n<meta property=\"og:locale\" content=\"en_US\" \/>\n<meta property=\"og:type\" content=\"article\" \/>\n<meta property=\"og:title\" content=\"Zimsko odr\u017eavanje puteva - MIL-MIRO\" \/>\n<meta property=\"og:description\" content=\"Osigurajte bezbednost saobra\u0107aja tokom zimskih perioda sa MIL-MIRO proizvodima za zimsko odr\u017eavanje puteva. Posetite nas ili kontaktirajte i prona\u0111ite adekvatan materijal za odr\u017eavanje puteva koji \u0107e o\u010duvati bezbednost i funkcionalnost saobra\u0107ajne mre\u017ee tokom zimskih meseci.\" \/>\n<meta property=\"og:url\" content=\"https:\/\/milmiro.me\/en\/winter-road-maintanance\/\" \/>\n<meta property=\"og:site_name\" content=\"MIL-MIRO\" \/>\n<meta property=\"article:modified_time\" content=\"2024-05-10T09:35:51+00:00\" \/>\n<meta property=\"og:image\" content=\"https:\/\/milmiro.me\/wp-content\/uploads\/2024\/03\/winterRoad.jpeg\" \/>\n<meta name=\"twitter:card\" content=\"summary_large_image\" \/>\n<meta name=\"twitter:label1\" content=\"Est. reading time\" \/>\n\t<meta name=\"twitter:data1\" content=\"2 minutes\" \/>\n<script type=\"application\/ld+json\" class=\"yoast-schema-graph\">{\"@context\":\"https:\/\/schema.org\",\"@graph\":[{\"@type\":\"WebPage\",\"@id\":\"https:\/\/milmiro.me\/zimsko-odrzavanje-puteva\/\",\"url\":\"https:\/\/milmiro.me\/zimsko-odrzavanje-puteva\/\",\"name\":\"Zimsko odr\u017eavanje puteva - MIL-MIRO\",\"isPartOf\":{\"@id\":\"https:\/\/milmiro.me\/#website\"},\"primaryImageOfPage\":{\"@id\":\"https:\/\/milmiro.me\/zimsko-odrzavanje-puteva\/#primaryimage\"},\"image\":{\"@id\":\"https:\/\/milmiro.me\/zimsko-odrzavanje-puteva\/#primaryimage\"},\"thumbnailUrl\":\"https:\/\/milmiro.me\/wp-content\/uploads\/2024\/03\/winterRoad.jpeg\",\"datePublished\":\"2024-03-26T13:20:58+00:00\",\"dateModified\":\"2024-05-10T09:35:51+00:00\",\"description\":\"Osigurajte bezbednost saobra\u0107aja tokom zimskih perioda sa MIL-MIRO proizvodima za zimsko odr\u017eavanje puteva. Posetite nas ili kontaktirajte i prona\u0111ite adekvatan materijal za odr\u017eavanje puteva koji \u0107e o\u010duvati bezbednost i funkcionalnost saobra\u0107ajne mre\u017ee tokom zimskih meseci.\",\"breadcrumb\":{\"@id\":\"https:\/\/milmiro.me\/zimsko-odrzavanje-puteva\/#breadcrumb\"},\"inLanguage\":\"en-US\",\"potentialAction\":[{\"@type\":\"ReadAction\",\"target\":[\"https:\/\/milmiro.me\/zimsko-odrzavanje-puteva\/\"]}]},{\"@type\":\"ImageObject\",\"inLanguage\":\"en-US\",\"@id\":\"https:\/\/milmiro.me\/zimsko-odrzavanje-puteva\/#primaryimage\",\"url\":\"https:\/\/milmiro.me\/wp-content\/uploads\/2024\/03\/winterRoad.jpeg\",\"contentUrl\":\"https:\/\/milmiro.me\/wp-content\/uploads\/2024\/03\/winterRoad.jpeg\"},{\"@type\":\"BreadcrumbList\",\"@id\":\"https:\/\/milmiro.me\/zimsko-odrzavanje-puteva\/#breadcrumb\",\"itemListElement\":[{\"@type\":\"ListItem\",\"position\":1,\"name\":\"Home\",\"item\":\"https:\/\/milmiro.me\/\"},{\"@type\":\"ListItem\",\"position\":2,\"name\":\"Zimsko odr\u017eavanje puteva\"}]},{\"@type\":\"WebSite\",\"@id\":\"https:\/\/milmiro.me\/#website\",\"url\":\"https:\/\/milmiro.me\/\",\"name\":\"MIL-MIRO\",\"description\":\"\",\"publisher\":{\"@id\":\"https:\/\/milmiro.me\/#organization\"},\"potentialAction\":[{\"@type\":\"SearchAction\",\"target\":{\"@type\":\"EntryPoint\",\"urlTemplate\":\"https:\/\/milmiro.me\/?s={search_term_string}\"},\"query-input\":\"required name=search_term_string\"}],\"inLanguage\":\"en-US\"},{\"@type\":\"Organization\",\"@id\":\"https:\/\/milmiro.me\/#organization\",\"name\":\"MIL-MIRO\",\"url\":\"https:\/\/milmiro.me\/\",\"logo\":{\"@type\":\"ImageObject\",\"inLanguage\":\"en-US\",\"@id\":\"https:\/\/milmiro.me\/#\/schema\/logo\/image\/\",\"url\":\"https:\/\/milmiro.me\/wp-content\/uploads\/2024\/04\/MIL-MIRO.png\",\"contentUrl\":\"https:\/\/milmiro.me\/wp-content\/uploads\/2024\/04\/MIL-MIRO.png\",\"width\":709,\"height\":326,\"caption\":\"MIL-MIRO\"},\"image\":{\"@id\":\"https:\/\/milmiro.me\/#\/schema\/logo\/image\/\"}}]}<\/script>\n<!-- \/ Yoast SEO plugin. -->","yoast_head_json":{"title":"Zimsko odr\u017eavanje puteva - MIL-MIRO","description":"Osigurajte bezbednost saobra\u0107aja tokom zimskih perioda sa MIL-MIRO proizvodima za zimsko odr\u017eavanje puteva. Posetite nas ili kontaktirajte i prona\u0111ite adekvatan materijal za odr\u017eavanje puteva koji \u0107e o\u010duvati bezbednost i funkcionalnost saobra\u0107ajne mre\u017ee tokom zimskih meseci.","robots":{"index":"index","follow":"follow","max-snippet":"max-snippet:-1","max-image-preview":"max-image-preview:large","max-video-preview":"max-video-preview:-1"},"canonical":"https:\/\/milmiro.me\/en\/winter-road-maintanance\/","og_locale":"en_US","og_type":"article","og_title":"Zimsko odr\u017eavanje puteva - MIL-MIRO","og_description":"Osigurajte bezbednost saobra\u0107aja tokom zimskih perioda sa MIL-MIRO proizvodima za zimsko odr\u017eavanje puteva. Posetite nas ili kontaktirajte i prona\u0111ite adekvatan materijal za odr\u017eavanje puteva koji \u0107e o\u010duvati bezbednost i funkcionalnost saobra\u0107ajne mre\u017ee tokom zimskih meseci.","og_url":"https:\/\/milmiro.me\/en\/winter-road-maintanance\/","og_site_name":"MIL-MIRO","article_modified_time":"2024-05-10T09:35:51+00:00","og_image":[{"url":"https:\/\/milmiro.me\/wp-content\/uploads\/2024\/03\/winterRoad.jpeg"}],"twitter_card":"summary_large_image","twitter_misc":{"Est. reading time":"2 minutes"},"schema":{"@context":"https:\/\/schema.org","@graph":[{"@type":"WebPage","@id":"https:\/\/milmiro.me\/zimsko-odrzavanje-puteva\/","url":"https:\/\/milmiro.me\/zimsko-odrzavanje-puteva\/","name":"Zimsko odr\u017eavanje puteva - MIL-MIRO","isPartOf":{"@id":"https:\/\/milmiro.me\/#website"},"primaryImageOfPage":{"@id":"https:\/\/milmiro.me\/zimsko-odrzavanje-puteva\/#primaryimage"},"image":{"@id":"https:\/\/milmiro.me\/zimsko-odrzavanje-puteva\/#primaryimage"},"thumbnailUrl":"https:\/\/milmiro.me\/wp-content\/uploads\/2024\/03\/winterRoad.jpeg","datePublished":"2024-03-26T13:20:58+00:00","dateModified":"2024-05-10T09:35:51+00:00","description":"Osigurajte bezbednost saobra\u0107aja tokom zimskih perioda sa MIL-MIRO proizvodima za zimsko odr\u017eavanje puteva. Posetite nas ili kontaktirajte i prona\u0111ite adekvatan materijal za odr\u017eavanje puteva koji \u0107e o\u010duvati bezbednost i funkcionalnost saobra\u0107ajne mre\u017ee tokom zimskih meseci.","breadcrumb":{"@id":"https:\/\/milmiro.me\/zimsko-odrzavanje-puteva\/#breadcrumb"},"inLanguage":"en-US","potentialAction":[{"@type":"ReadAction","target":["https:\/\/milmiro.me\/zimsko-odrzavanje-puteva\/"]}]},{"@type":"ImageObject","inLanguage":"en-US","@id":"https:\/\/milmiro.me\/zimsko-odrzavanje-puteva\/#primaryimage","url":"https:\/\/milmiro.me\/wp-content\/uploads\/2024\/03\/winterRoad.jpeg","contentUrl":"https:\/\/milmiro.me\/wp-content\/uploads\/2024\/03\/winterRoad.jpeg"},{"@type":"BreadcrumbList","@id":"https:\/\/milmiro.me\/zimsko-odrzavanje-puteva\/#breadcrumb","itemListElement":[{"@type":"ListItem","position":1,"name":"Home","item":"https:\/\/milmiro.me\/"},{"@type":"ListItem","position":2,"name":"Zimsko odr\u017eavanje puteva"}]},{"@type":"WebSite","@id":"https:\/\/milmiro.me\/#website","url":"https:\/\/milmiro.me\/","name":"MIL-MIRO","description":"","publisher":{"@id":"https:\/\/milmiro.me\/#organization"},"potentialAction":[{"@type":"SearchAction","target":{"@type":"EntryPoint","urlTemplate":"https:\/\/milmiro.me\/?s={search_term_string}"},"query-input":"required name=search_term_string"}],"inLanguage":"en-US"},{"@type":"Organization","@id":"https:\/\/milmiro.me\/#organization","name":"MIL-MIRO","url":"https:\/\/milmiro.me\/","logo":{"@type":"ImageObject","inLanguage":"en-US","@id":"https:\/\/milmiro.me\/#\/schema\/logo\/image\/","url":"https:\/\/milmiro.me\/wp-content\/uploads\/2024\/04\/MIL-MIRO.png","contentUrl":"https:\/\/milmiro.me\/wp-content\/uploads\/2024\/04\/MIL-MIRO.png","width":709,"height":326,"caption":"MIL-MIRO"},"image":{"@id":"https:\/\/milmiro.me\/#\/schema\/logo\/image\/"}}]}},"_links":{"self":[{"href":"https:\/\/milmiro.me\/en\/wp-json\/wp\/v2\/pages\/977"}],"collection":[{"href":"https:\/\/milmiro.me\/en\/wp-json\/wp\/v2\/pages"}],"about":[{"href":"https:\/\/milmiro.me\/en\/wp-json\/wp\/v2\/types\/page"}],"author":[{"embeddable":true,"href":"https:\/\/milmiro.me\/en\/wp-json\/wp\/v2\/users\/1"}],"replies":[{"embeddable":true,"href":"https:\/\/milmiro.me\/en\/wp-json\/wp\/v2\/comments?post=977"}],"version-history":[{"count":47,"href":"https:\/\/milmiro.me\/en\/wp-json\/wp\/v2\/pages\/977\/revisions"}],"predecessor-version":[{"id":1446,"href":"https:\/\/milmiro.me\/en\/wp-json\/wp\/v2\/pages\/977\/revisions\/1446"}],"wp:attachment":[{"href":"https:\/\/milmiro.me\/en\/wp-json\/wp\/v2\/media?parent=977"}],"curies":[{"name":"wp","href":"https:\/\/api.w.org\/{rel}","templated":true}]}}