{"id":979,"date":"2024-03-26T13:20:58","date_gmt":"2024-03-26T13:20:58","guid":{"rendered":"https:\/\/milmiro.me\/?page_id=979"},"modified":"2024-04-10T10:19:13","modified_gmt":"2024-04-10T09:19:13","slug":"betonska-odbojna-ograda","status":"publish","type":"page","link":"https:\/\/milmiro.me\/en\/concrete-barrier\/","title":{"rendered":"Odbojna ograda"},"content":{"rendered":"<div data-elementor-type=\"wp-page\" data-elementor-id=\"979\" class=\"elementor elementor-979\">\n\t\t\t\t<div class=\"elementor-element elementor-element-44d51c4 e-flex e-con-boxed e-con e-parent\" data-id=\"44d51c4\" data-element_type=\"container\" data-settings=\"{&quot;background_background&quot;:&quot;classic&quot;}\">\n\t\t\t\t\t<div class=\"e-con-inner\">\n\t\t<div class=\"elementor-element elementor-element-7f4ac45 e-con-full e-flex e-con e-child\" data-id=\"7f4ac45\" data-element_type=\"container\">\n\t\t\t\t<div class=\"elementor-element elementor-element-bbb2410 elementor-widget elementor-widget-heading\" data-id=\"bbb2410\" data-element_type=\"widget\" data-widget_type=\"heading.default\">\n\t\t\t\t<div class=\"elementor-widget-container\">\n\t\t\t<h1 class=\"elementor-heading-title elementor-size-default\">Concrete Safety Barrier<\/h1>\t\t<\/div>\n\t\t\t\t<\/div>\n\t\t<div class=\"elementor-element elementor-element-fd6d747 e-con-full e-flex e-con e-child\" data-id=\"fd6d747\" data-element_type=\"container\">\n\t\t<div class=\"elementor-element elementor-element-be3c27f e-con-full e-flex e-con e-child\" data-id=\"be3c27f\" data-element_type=\"container\">\n\t\t\t\t<div class=\"elementor-element elementor-element-d12c952 elementor-widget__width-initial elementor-widget elementor-widget-button\" data-id=\"d12c952\" data-element_type=\"widget\" data-widget_type=\"button.default\">\n\t\t\t\t<div class=\"elementor-widget-container\">\n\t\t\t\t\t\t\t<div class=\"elementor-button-wrapper\">\n\t\t\t\t\t<a class=\"elementor-button elementor-button-link elementor-size-sm\" href=\"#offer\">\n\t\t\t\t\t\t<span class=\"elementor-button-content-wrapper\">\n\t\t\t\t\t\t\t\t\t<span class=\"elementor-button-text\">Offer<\/span>\n\t\t\t\t\t<\/span>\n\t\t\t\t\t<\/a>\n\t\t\t\t<\/div>\n\t\t\t\t\t\t<\/div>\n\t\t\t\t<\/div>\n\t\t\t\t<div class=\"elementor-element elementor-element-d6e1db7 elementor-widget__width-auto elementor-widget elementor-widget-button\" data-id=\"d6e1db7\" data-element_type=\"widget\" data-widget_type=\"button.default\">\n\t\t\t\t<div class=\"elementor-widget-container\">\n\t\t\t\t\t\t\t<div class=\"elementor-button-wrapper\">\n\t\t\t\t\t<a class=\"elementor-button elementor-button-link elementor-size-sm\" href=\"http:\/\/milmiro.me\/en\/contact\/\">\n\t\t\t\t\t\t<span class=\"elementor-button-content-wrapper\">\n\t\t\t\t\t\t\t\t\t<span class=\"elementor-button-text\">Contact<\/span>\n\t\t\t\t\t<\/span>\n\t\t\t\t\t<\/a>\n\t\t\t\t<\/div>\n\t\t\t\t\t\t<\/div>\n\t\t\t\t<\/div>\n\t\t\t\t<\/div>\n\t\t\t\t<\/div>\n\t\t\t\t<\/div>\n\t\t\t\t\t<\/div>\n\t\t\t\t<\/div>\n\t\t<div class=\"elementor-element elementor-element-b1d4137 e-flex e-con-boxed e-con e-parent\" data-id=\"b1d4137\" data-element_type=\"container\" data-settings=\"{&quot;background_background&quot;:&quot;classic&quot;}\">\n\t\t\t\t\t<div class=\"e-con-inner\">\n\t\t\t\t<div class=\"elementor-element elementor-element-9dc0fea elementor-widget elementor-widget-heading\" data-id=\"9dc0fea\" data-element_type=\"widget\" id=\"offer\" data-widget_type=\"heading.default\">\n\t\t\t\t<div class=\"elementor-widget-container\">\n\t\t\t<h2 class=\"elementor-heading-title elementor-size-default\">Our offer<\/h2>\t\t<\/div>\n\t\t\t\t<\/div>\n\t\t\t\t\t<\/div>\n\t\t\t\t<\/div>\n\t\t<div class=\"elementor-element elementor-element-7f86fe6 e-flex e-con-boxed e-con e-parent\" data-id=\"7f86fe6\" data-element_type=\"container\" data-settings=\"{&quot;background_background&quot;:&quot;classic&quot;}\">\n\t\t\t\t\t<div class=\"e-con-inner\">\n\t\t\t\t<div class=\"elementor-element elementor-element-dace8ce elementor-widget__width-initial elementor-widget elementor-widget-text-editor\" data-id=\"dace8ce\" data-element_type=\"widget\" data-widget_type=\"text-editor.default\">\n\t\t\t\t<div class=\"elementor-widget-container\">\n\t\t\t\t\t\t\t<p>Within our offer, we have available concrete safety barriers.<\/p><p class=\"title\">Concrete 'New Jersey' barriers have a wide range of practical applications: they prevent loose material from spilling onto roads, provide secure flood protection in flood-prone areas, are used for traffic diversion as road barriers, ensure safety on construction sites adjacent to roads, and are applied in landfill reorganization, among other uses.<\/p><p class=\"title\">They are made from high-quality SCC (self-compacting concrete) MB 45.<\/p>\t\t\t\t\t\t<\/div>\n\t\t\t\t<\/div>\n\t\t\t\t\t<\/div>\n\t\t\t\t<\/div>\n\t\t<div class=\"elementor-element elementor-element-35a099a e-flex e-con-boxed e-con e-parent\" data-id=\"35a099a\" data-element_type=\"container\" data-settings=\"{&quot;background_background&quot;:&quot;classic&quot;}\">\n\t\t\t\t\t<div class=\"e-con-inner\">\n\t\t\t\t<div class=\"elementor-element elementor-element-fc3c87b elementor-widget elementor-widget-image\" data-id=\"fc3c87b\" data-element_type=\"widget\" data-widget_type=\"image.default\">\n\t\t\t\t<div class=\"elementor-widget-container\">\n\t\t\t\t\t\t\t\t\t\t\t\t\t<img fetchpriority=\"high\" decoding=\"async\" width=\"825\" height=\"360\" src=\"https:\/\/milmiro.me\/wp-content\/uploads\/2024\/04\/betonska_ograda.jpeg\" class=\"attachment-large size-large wp-image-1306\" alt=\"\" srcset=\"https:\/\/milmiro.me\/wp-content\/uploads\/2024\/04\/betonska_ograda.jpeg 825w, https:\/\/milmiro.me\/wp-content\/uploads\/2024\/04\/betonska_ograda-300x131.jpeg 300w, https:\/\/milmiro.me\/wp-content\/uploads\/2024\/04\/betonska_ograda-768x335.jpeg 768w\" sizes=\"(max-width: 825px) 100vw, 825px\" \/>\t\t\t\t\t\t\t\t\t\t\t\t\t<\/div>\n\t\t\t\t<\/div>\n\t\t\t\t<div class=\"elementor-element elementor-element-4bf23d4 elementor-widget elementor-widget-button\" data-id=\"4bf23d4\" data-element_type=\"widget\" data-widget_type=\"button.default\">\n\t\t\t\t<div class=\"elementor-widget-container\">\n\t\t\t\t\t\t\t<div class=\"elementor-button-wrapper\">\n\t\t\t\t\t<a class=\"elementor-button elementor-button-link elementor-size-sm\" href=\"http:\/\/milmiro.me\/en\/contact\/\">\n\t\t\t\t\t\t<span class=\"elementor-button-content-wrapper\">\n\t\t\t\t\t\t\t\t\t<span class=\"elementor-button-text\">Contact us<\/span>\n\t\t\t\t\t<\/span>\n\t\t\t\t\t<\/a>\n\t\t\t\t<\/div>\n\t\t\t\t\t\t<\/div>\n\t\t\t\t<\/div>\n\t\t\t\t\t<\/div>\n\t\t\t\t<\/div>\n\t\t\t\t<\/div>","protected":false},"excerpt":{"rendered":"<p>Betonska odbojna ograda Ponuda Kontakt Na\u0161a ponuda U okviru na\u0161e ponude dostupna je betonska odbojna ograda. Betonski \u201eNew Jersey\u201c profili u praksi imaju veoma \u0161iroku primenu: spre\u010davaju dospevanje odronjenog materijala na saobra\u0107ajnice, obezbe\u0111uju sigurnu za\u0161titu od poplava u vodoplavnim podru\u010djima, koriste se kod preusmeravanja saobra\u0107aja kao prepreke na putevima, osiguravaju za\u0161titu na gradili\u0161tima koja su [&hellip;]<\/p>","protected":false},"author":1,"featured_media":0,"parent":0,"menu_order":0,"comment_status":"closed","ping_status":"closed","template":"","meta":{"site-sidebar-layout":"no-sidebar","site-content-layout":"page-builder","ast-site-content-layout":"full-width-container","site-content-style":"unboxed","site-sidebar-style":"unboxed","ast-global-header-display":"","ast-banner-title-visibility":"","ast-main-header-display":"","ast-hfb-above-header-display":"","ast-hfb-below-header-display":"","ast-hfb-mobile-header-display":"","site-post-title":"disabled","ast-breadcrumbs-content":"","ast-featured-img":"disabled","footer-sml-layout":"","theme-transparent-header-meta":"","adv-header-id-meta":"","stick-header-meta":"","header-above-stick-meta":"","header-main-stick-meta":"","header-below-stick-meta":"","astra-migrate-meta-layouts":"set","ast-page-background-enabled":"default","ast-page-background-meta":{"desktop":{"background-color":"var(--ast-global-color-4)","background-image":"","background-repeat":"repeat","background-position":"center center","background-size":"auto","background-attachment":"scroll","background-type":"","background-media":"","overlay-type":"","overlay-color":"","overlay-gradient":""},"tablet":{"background-color":"","background-image":"","background-repeat":"repeat","background-position":"center center","background-size":"auto","background-attachment":"scroll","background-type":"","background-media":"","overlay-type":"","overlay-color":"","overlay-gradient":""},"mobile":{"background-color":"","background-image":"","background-repeat":"repeat","background-position":"center center","background-size":"auto","background-attachment":"scroll","background-type":"","background-media":"","overlay-type":"","overlay-color":"","overlay-gradient":""}},"ast-content-background-meta":{"desktop":{"background-color":"var(--ast-global-color-5)","background-image":"","background-repeat":"repeat","background-position":"center center","background-size":"auto","background-attachment":"scroll","background-type":"","background-media":"","overlay-type":"","overlay-color":"","overlay-gradient":""},"tablet":{"background-color":"var(--ast-global-color-5)","background-image":"","background-repeat":"repeat","background-position":"center center","background-size":"auto","background-attachment":"scroll","background-type":"","background-media":"","overlay-type":"","overlay-color":"","overlay-gradient":""},"mobile":{"background-color":"var(--ast-global-color-5)","background-image":"","background-repeat":"repeat","background-position":"center center","background-size":"auto","background-attachment":"scroll","background-type":"","background-media":"","overlay-type":"","overlay-color":"","overlay-gradient":""}},"footnotes":""},"yoast_head":"<!-- This site is optimized with the Yoast SEO plugin v23.0 - https:\/\/yoast.com\/wordpress\/plugins\/seo\/ -->\n<title>Odbojna ograda - MIL-MIRO<\/title>\n<meta name=\"description\" content=\"Betonska odbojna ograda modela New Jersey dostupna je u okviru na\u0161e ponude.\" \/>\n<meta name=\"robots\" content=\"index, follow, max-snippet:-1, max-image-preview:large, max-video-preview:-1\" \/>\n<link rel=\"canonical\" href=\"https:\/\/milmiro.me\/en\/concrete-barrier\/\" \/>\n<meta property=\"og:locale\" content=\"en_US\" \/>\n<meta property=\"og:type\" content=\"article\" \/>\n<meta property=\"og:title\" content=\"Odbojna ograda - MIL-MIRO\" \/>\n<meta property=\"og:description\" content=\"Betonska odbojna ograda modela New Jersey dostupna je u okviru na\u0161e ponude.\" \/>\n<meta property=\"og:url\" content=\"https:\/\/milmiro.me\/en\/concrete-barrier\/\" \/>\n<meta property=\"og:site_name\" content=\"MIL-MIRO\" \/>\n<meta property=\"article:modified_time\" content=\"2024-04-10T09:19:13+00:00\" \/>\n<meta property=\"og:image\" content=\"https:\/\/milmiro.me\/wp-content\/uploads\/2024\/04\/betonska_ograda.jpeg\" \/>\n<meta name=\"twitter:card\" content=\"summary_large_image\" \/>\n<meta name=\"twitter:label1\" content=\"Est. reading time\" \/>\n\t<meta name=\"twitter:data1\" content=\"1 minute\" \/>\n<script type=\"application\/ld+json\" class=\"yoast-schema-graph\">{\"@context\":\"https:\/\/schema.org\",\"@graph\":[{\"@type\":\"WebPage\",\"@id\":\"https:\/\/milmiro.me\/betonska-odbojna-ograda\/\",\"url\":\"https:\/\/milmiro.me\/betonska-odbojna-ograda\/\",\"name\":\"Odbojna ograda - MIL-MIRO\",\"isPartOf\":{\"@id\":\"https:\/\/milmiro.me\/#website\"},\"primaryImageOfPage\":{\"@id\":\"https:\/\/milmiro.me\/betonska-odbojna-ograda\/#primaryimage\"},\"image\":{\"@id\":\"https:\/\/milmiro.me\/betonska-odbojna-ograda\/#primaryimage\"},\"thumbnailUrl\":\"https:\/\/milmiro.me\/wp-content\/uploads\/2024\/04\/betonska_ograda.jpeg\",\"datePublished\":\"2024-03-26T13:20:58+00:00\",\"dateModified\":\"2024-04-10T09:19:13+00:00\",\"description\":\"Betonska odbojna ograda modela New Jersey dostupna je u okviru na\u0161e ponude.\",\"breadcrumb\":{\"@id\":\"https:\/\/milmiro.me\/betonska-odbojna-ograda\/#breadcrumb\"},\"inLanguage\":\"en-US\",\"potentialAction\":[{\"@type\":\"ReadAction\",\"target\":[\"https:\/\/milmiro.me\/betonska-odbojna-ograda\/\"]}]},{\"@type\":\"ImageObject\",\"inLanguage\":\"en-US\",\"@id\":\"https:\/\/milmiro.me\/betonska-odbojna-ograda\/#primaryimage\",\"url\":\"https:\/\/milmiro.me\/wp-content\/uploads\/2024\/04\/betonska_ograda.jpeg\",\"contentUrl\":\"https:\/\/milmiro.me\/wp-content\/uploads\/2024\/04\/betonska_ograda.jpeg\"},{\"@type\":\"BreadcrumbList\",\"@id\":\"https:\/\/milmiro.me\/betonska-odbojna-ograda\/#breadcrumb\",\"itemListElement\":[{\"@type\":\"ListItem\",\"position\":1,\"name\":\"Home\",\"item\":\"https:\/\/milmiro.me\/\"},{\"@type\":\"ListItem\",\"position\":2,\"name\":\"Odbojna ograda\"}]},{\"@type\":\"WebSite\",\"@id\":\"https:\/\/milmiro.me\/#website\",\"url\":\"https:\/\/milmiro.me\/\",\"name\":\"MIL-MIRO\",\"description\":\"\",\"publisher\":{\"@id\":\"https:\/\/milmiro.me\/#organization\"},\"potentialAction\":[{\"@type\":\"SearchAction\",\"target\":{\"@type\":\"EntryPoint\",\"urlTemplate\":\"https:\/\/milmiro.me\/?s={search_term_string}\"},\"query-input\":\"required name=search_term_string\"}],\"inLanguage\":\"en-US\"},{\"@type\":\"Organization\",\"@id\":\"https:\/\/milmiro.me\/#organization\",\"name\":\"MIL-MIRO\",\"url\":\"https:\/\/milmiro.me\/\",\"logo\":{\"@type\":\"ImageObject\",\"inLanguage\":\"en-US\",\"@id\":\"https:\/\/milmiro.me\/#\/schema\/logo\/image\/\",\"url\":\"https:\/\/milmiro.me\/wp-content\/uploads\/2024\/04\/MIL-MIRO.png\",\"contentUrl\":\"https:\/\/milmiro.me\/wp-content\/uploads\/2024\/04\/MIL-MIRO.png\",\"width\":709,\"height\":326,\"caption\":\"MIL-MIRO\"},\"image\":{\"@id\":\"https:\/\/milmiro.me\/#\/schema\/logo\/image\/\"}}]}<\/script>\n<!-- \/ Yoast SEO plugin. -->","yoast_head_json":{"title":"Odbojna ograda - MIL-MIRO","description":"Betonska odbojna ograda modela New Jersey dostupna je u okviru na\u0161e ponude.","robots":{"index":"index","follow":"follow","max-snippet":"max-snippet:-1","max-image-preview":"max-image-preview:large","max-video-preview":"max-video-preview:-1"},"canonical":"https:\/\/milmiro.me\/en\/concrete-barrier\/","og_locale":"en_US","og_type":"article","og_title":"Odbojna ograda - MIL-MIRO","og_description":"Betonska odbojna ograda modela New Jersey dostupna je u okviru na\u0161e ponude.","og_url":"https:\/\/milmiro.me\/en\/concrete-barrier\/","og_site_name":"MIL-MIRO","article_modified_time":"2024-04-10T09:19:13+00:00","og_image":[{"url":"https:\/\/milmiro.me\/wp-content\/uploads\/2024\/04\/betonska_ograda.jpeg"}],"twitter_card":"summary_large_image","twitter_misc":{"Est. reading time":"1 minute"},"schema":{"@context":"https:\/\/schema.org","@graph":[{"@type":"WebPage","@id":"https:\/\/milmiro.me\/betonska-odbojna-ograda\/","url":"https:\/\/milmiro.me\/betonska-odbojna-ograda\/","name":"Odbojna ograda - MIL-MIRO","isPartOf":{"@id":"https:\/\/milmiro.me\/#website"},"primaryImageOfPage":{"@id":"https:\/\/milmiro.me\/betonska-odbojna-ograda\/#primaryimage"},"image":{"@id":"https:\/\/milmiro.me\/betonska-odbojna-ograda\/#primaryimage"},"thumbnailUrl":"https:\/\/milmiro.me\/wp-content\/uploads\/2024\/04\/betonska_ograda.jpeg","datePublished":"2024-03-26T13:20:58+00:00","dateModified":"2024-04-10T09:19:13+00:00","description":"Betonska odbojna ograda modela New Jersey dostupna je u okviru na\u0161e ponude.","breadcrumb":{"@id":"https:\/\/milmiro.me\/betonska-odbojna-ograda\/#breadcrumb"},"inLanguage":"en-US","potentialAction":[{"@type":"ReadAction","target":["https:\/\/milmiro.me\/betonska-odbojna-ograda\/"]}]},{"@type":"ImageObject","inLanguage":"en-US","@id":"https:\/\/milmiro.me\/betonska-odbojna-ograda\/#primaryimage","url":"https:\/\/milmiro.me\/wp-content\/uploads\/2024\/04\/betonska_ograda.jpeg","contentUrl":"https:\/\/milmiro.me\/wp-content\/uploads\/2024\/04\/betonska_ograda.jpeg"},{"@type":"BreadcrumbList","@id":"https:\/\/milmiro.me\/betonska-odbojna-ograda\/#breadcrumb","itemListElement":[{"@type":"ListItem","position":1,"name":"Home","item":"https:\/\/milmiro.me\/"},{"@type":"ListItem","position":2,"name":"Odbojna ograda"}]},{"@type":"WebSite","@id":"https:\/\/milmiro.me\/#website","url":"https:\/\/milmiro.me\/","name":"MIL-MIRO","description":"","publisher":{"@id":"https:\/\/milmiro.me\/#organization"},"potentialAction":[{"@type":"SearchAction","target":{"@type":"EntryPoint","urlTemplate":"https:\/\/milmiro.me\/?s={search_term_string}"},"query-input":"required name=search_term_string"}],"inLanguage":"en-US"},{"@type":"Organization","@id":"https:\/\/milmiro.me\/#organization","name":"MIL-MIRO","url":"https:\/\/milmiro.me\/","logo":{"@type":"ImageObject","inLanguage":"en-US","@id":"https:\/\/milmiro.me\/#\/schema\/logo\/image\/","url":"https:\/\/milmiro.me\/wp-content\/uploads\/2024\/04\/MIL-MIRO.png","contentUrl":"https:\/\/milmiro.me\/wp-content\/uploads\/2024\/04\/MIL-MIRO.png","width":709,"height":326,"caption":"MIL-MIRO"},"image":{"@id":"https:\/\/milmiro.me\/#\/schema\/logo\/image\/"}}]}},"_links":{"self":[{"href":"https:\/\/milmiro.me\/en\/wp-json\/wp\/v2\/pages\/979"}],"collection":[{"href":"https:\/\/milmiro.me\/en\/wp-json\/wp\/v2\/pages"}],"about":[{"href":"https:\/\/milmiro.me\/en\/wp-json\/wp\/v2\/types\/page"}],"author":[{"embeddable":true,"href":"https:\/\/milmiro.me\/en\/wp-json\/wp\/v2\/users\/1"}],"replies":[{"embeddable":true,"href":"https:\/\/milmiro.me\/en\/wp-json\/wp\/v2\/comments?post=979"}],"version-history":[{"count":32,"href":"https:\/\/milmiro.me\/en\/wp-json\/wp\/v2\/pages\/979\/revisions"}],"predecessor-version":[{"id":1418,"href":"https:\/\/milmiro.me\/en\/wp-json\/wp\/v2\/pages\/979\/revisions\/1418"}],"wp:attachment":[{"href":"https:\/\/milmiro.me\/en\/wp-json\/wp\/v2\/media?parent=979"}],"curies":[{"name":"wp","href":"https:\/\/api.w.org\/{rel}","templated":true}]}}